{"id":1028,"date":"2020-05-14T00:05:26","date_gmt":"2020-05-14T00:05:26","guid":{"rendered":"https:\/\/descomplicalife.com\/?page_id=2"},"modified":"2024-07-12T13:15:25","modified_gmt":"2024-07-12T16:15:25","slug":"fale-conosco","status":"publish","type":"page","link":"https:\/\/descomplicalife.com\/es\/hable-con-nosotros\/","title":{"rendered":"P\u00f3ngase en contacto con nosotros"},"content":{"rendered":"<p><strong>P\u00f3ngase en contacto con nosotros<\/strong><\/p>\n<p>El equipo de Descomplica Life est\u00e1 siempre dispuesto a escucharle. Si tiene alguna pregunta, sugerencia o simplemente quiere compartir su opini\u00f3n sobre los temas que tratamos, no dude en ponerse en contacto con nosotros. Valoramos mucho los comentarios de nuestros lectores y estamos aqu\u00ed para ayudarle en todo lo que podamos.<\/p>\n<p><strong>P\u00f3ngase directamente en contacto con nosotros:<\/strong><\/p>\n<ul>\n<li><strong>Correo electr\u00f3nico:<\/strong> Para consultas generales, asociaciones o apoyo a los lectores, env\u00ede un correo electr\u00f3nico a <a href=\"mailto:help@izzotodigital.com.br\"><strong>help@izzotodigital.com.br<\/strong><\/a>. Nos esforzamos por responder a todos los correos electr\u00f3nicos en un plazo de 48 horas.<\/li>\n<\/ul>\n<p><strong>Vis\u00edtenos:<\/strong><\/p>\n<ul>\n<li><strong>Direcci\u00f3n:<\/strong> Si se encuentra en S\u00e3o Paulo y desea hablar con nosotros en persona, estamos ubicados en S\u00e3o Paulo - SP, Brasil. Por razones de seguridad y para garantizar que podamos ofrecerle la mejor experiencia posible, le pedimos que reserve su visita por correo electr\u00f3nico.<\/li>\n<\/ul>\n<p><strong>Con\u00e9ctate con nosotros en las redes sociales:<\/strong><\/p>\n<p>Estamos presentes en las principales redes sociales para ofrecerte noticias, consejos e interactuar con nuestra comunidad. S\u00edguenos para estar al tanto de todo lo que ocurre en el mundo de las apps, empleos y noticias relevantes.<\/p>\n<ul>\n<li><strong>Instagram, Twitter, Facebook:<\/strong> <a href=\"https:\/\/www.instagram.com\/izzotodigital\" target=\"_new\" rel=\"noopener\">@izzotodigital<\/a><\/li>\n<\/ul>\n<p><strong>Formulario de contacto:<\/strong><\/p>\n<p>Para su comodidad, tambi\u00e9n puede utilizar nuestro formulario de contacto directamente en la p\u00e1gina. Rellene sus datos y su mensaje y nos pondremos en contacto con usted lo antes posible.<\/p>\n<p>Ya sea para responder preguntas, ofrecer sugerencias o cualquier otro tipo de interacci\u00f3n, su mensaje es muy importante para nosotros. El equipo de Descomplica Life le agradece su contacto e inter\u00e9s. \u00a1Esperamos tener noticias suyas!<\/p>","protected":false},"excerpt":{"rendered":"<p>Fale Conosco A equipe do Descomplica Life est\u00e1 sempre pronta para ouvir voc\u00ea! Se voc\u00ea tem perguntas, sugest\u00f5es, ou simplesmente quer compartilhar sua opini\u00e3o sobre os temas que abordamos, n\u00e3o hesite em entrar em contato. Valorizamos muito o feedback dos nossos leitores e estamos aqui para ajudar no que for poss\u00edvel. Entre em Contato Diretamente: [&hellip;]<\/p>","protected":false},"author":1,"featured_media":0,"parent":0,"menu_order":0,"comment_status":"closed","ping_status":"open","template":"","meta":{"ocean_post_layout":"","ocean_both_sidebars_style":"","ocean_both_sidebars_content_width":0,"ocean_both_sidebars_sidebars_width":0,"ocean_sidebar":"","ocean_second_sidebar":"","ocean_disable_margins":"enable","ocean_add_body_class":"","ocean_shortcode_before_top_bar":"","ocean_shortcode_after_top_bar":"","ocean_shortcode_before_header":"","ocean_shortcode_after_header":"","ocean_has_shortcode":"","ocean_shortcode_after_title":"","ocean_shortcode_before_footer_widgets":"","ocean_shortcode_after_footer_widgets":"","ocean_shortcode_before_footer_bottom":"","ocean_shortcode_after_footer_bottom":"","ocean_display_top_bar":"default","ocean_display_header":"default","ocean_header_style":"","ocean_center_header_left_menu":"","ocean_custom_header_template":"","ocean_custom_logo":0,"ocean_custom_retina_logo":0,"ocean_custom_logo_max_width":0,"ocean_custom_logo_tablet_max_width":0,"ocean_custom_logo_mobile_max_width":0,"ocean_custom_logo_max_height":0,"ocean_custom_logo_tablet_max_height":0,"ocean_custom_logo_mobile_max_height":0,"ocean_header_custom_menu":"","ocean_menu_typo_font_family":"","ocean_menu_typo_font_subset":"","ocean_menu_typo_font_size":0,"ocean_menu_typo_font_size_tablet":0,"ocean_menu_typo_font_size_mobile":0,"ocean_menu_typo_font_size_unit":"px","ocean_menu_typo_font_weight":"","ocean_menu_typo_font_weight_tablet":"","ocean_menu_typo_font_weight_mobile":"","ocean_menu_typo_transform":"","ocean_menu_typo_transform_tablet":"","ocean_menu_typo_transform_mobile":"","ocean_menu_typo_line_height":0,"ocean_menu_typo_line_height_tablet":0,"ocean_menu_typo_line_height_mobile":0,"ocean_menu_typo_line_height_unit":"","ocean_menu_typo_spacing":0,"ocean_menu_typo_spacing_tablet":0,"ocean_menu_typo_spacing_mobile":0,"ocean_menu_typo_spacing_unit":"","ocean_menu_link_color":"","ocean_menu_link_color_hover":"","ocean_menu_link_color_active":"","ocean_menu_link_background":"","ocean_menu_link_hover_background":"","ocean_menu_link_active_background":"","ocean_menu_social_links_bg":"","ocean_menu_social_hover_links_bg":"","ocean_menu_social_links_color":"","ocean_menu_social_hover_links_color":"","ocean_disable_title":"default","ocean_disable_heading":"default","ocean_post_title":"","ocean_post_subheading":"","ocean_post_title_style":"","ocean_post_title_background_color":"","ocean_post_title_background":0,"ocean_post_title_bg_image_position":"","ocean_post_title_bg_image_attachment":"","ocean_post_title_bg_image_repeat":"","ocean_post_title_bg_image_size":"","ocean_post_title_height":0,"ocean_post_title_bg_overlay":0.5,"ocean_post_title_bg_overlay_color":"","ocean_disable_breadcrumbs":"default","ocean_breadcrumbs_color":"","ocean_breadcrumbs_separator_color":"","ocean_breadcrumbs_links_color":"","ocean_breadcrumbs_links_hover_color":"","ocean_display_footer_widgets":"default","ocean_display_footer_bottom":"default","ocean_custom_footer_template":"","footnotes":""},"class_list":["post-1028","page","type-page","status-publish","hentry","entry"],"_links":{"self":[{"href":"https:\/\/descomplicalife.com\/es\/wp-json\/wp\/v2\/pages\/1028","targetHints":{"allow":["GET"]}}],"collection":[{"href":"https:\/\/descomplicalife.com\/es\/wp-json\/wp\/v2\/pages"}],"about":[{"href":"https:\/\/descomplicalife.com\/es\/wp-json\/wp\/v2\/types\/page"}],"author":[{"embeddable":true,"href":"https:\/\/descomplicalife.com\/es\/wp-json\/wp\/v2\/users\/1"}],"replies":[{"embeddable":true,"href":"https:\/\/descomplicalife.com\/es\/wp-json\/wp\/v2\/comments?post=1028"}],"version-history":[{"count":0,"href":"https:\/\/descomplicalife.com\/es\/wp-json\/wp\/v2\/pages\/1028\/revisions"}],"wp:attachment":[{"href":"https:\/\/descomplicalife.com\/es\/wp-json\/wp\/v2\/media?parent=1028"}],"curies":[{"name":"wp","href":"https:\/\/api.w.org\/{rel}","templated":true}]}}