{"id":1140,"date":"2024-08-14T14:51:17","date_gmt":"2024-08-14T17:51:17","guid":{"rendered":"https:\/\/descomplicalife.com\/?page_id=1140"},"modified":"2024-10-25T20:19:15","modified_gmt":"2024-10-25T23:19:15","slug":"instalar-aplicativo-para-assistir-filmes-e-series-no-celular","status":"publish","type":"page","link":"https:\/\/descomplicalife.com\/es\/instalar-una-aplicacion-para-ver-peliculas-y-series-en-el-movil\/","title":{"rendered":"Instala una aplicaci\u00f3n para ver pel\u00edculas y series en tu m\u00f3vil"},"content":{"rendered":"<h2>Aplicaci\u00f3n Watch gratuita<\/h2>\n<p style=\"font-size: 8px; text-transform: uppercase; text-align: center;\">\n            Publicidad\n        <\/p>\n<p>\t\t<\/p>\n<p>Hemos creado un manual para ayudarle a encontrar un <strong>aplicaci\u00f3n para ver pel\u00edculas y series<\/strong> en tu m\u00f3vil. Disfruta de tus pel\u00edculas o series favoritas directamente desde tu dispositivo m\u00f3vil. Lo mejor<strong> aplicaciones de streaming de pel\u00edculas y series.<\/strong><\/p>\n<h2>\u00bfQUIERES VERLO EN TU M\u00d3VIL?<\/h2>\n<p>\t\t\t<a href=\"https:\/\/descomplicalife.com\/es\/como-ver-peliculas-y-series-en-tu-celular\/\"><br \/>\n\t\t\t\t\t\t\t\t\tS\u00cd<br \/>\n\t\t\t\t\t<\/a><br \/>\n\t\t\t<a href=\"https:\/\/descomplicalife.com\/es\/como-ver-peliculas-y-series-en-tu-celular\/\"><br \/>\n\t\t\t\t\t\t\t\t\tNO<br \/>\n\t\t\t\t\t<\/a><\/p>\n<h2>Permanecer\u00e1 en este sitio<\/h2>\n<h1>Aplicaciones para ver pel\u00edculas y series en el m\u00f3vil<\/h1>\n<p>Hoy en d\u00eda, ver pel\u00edculas y series en el m\u00f3vil se ha convertido en una de las formas m\u00e1s c\u00f3modas de entretenimiento. Con el avance de la tecnolog\u00eda y la popularizaci\u00f3n de los smartphones, podemos acceder a un sinf\u00edn de contenidos directamente en la palma de nuestra mano. Ya sea para matar el tiempo en una cola o relajarse al final del d\u00eda, estas aplicaciones se han convertido en indispensables para los amantes del cine y la televisi\u00f3n. En este art\u00edculo, exploraremos las mejores aplicaciones para ver pel\u00edculas y series en el m\u00f3vil, c\u00f3mo descargarlas e instalarlas y cu\u00e1les son sus principales caracter\u00edsticas.<\/p>\n<h3>1. Netflix: el gigante del streaming<\/h3>\n<p>No se puede hablar de aplicaciones para ver pel\u00edculas y series sin mencionar Netflix. Esta aplicaci\u00f3n es, sin duda, una de las m\u00e1s populares y utilizadas del mundo. Desde su lanzamiento, Netflix ha revolucionado la forma de consumir contenidos audiovisuales, ofreciendo una amplia biblioteca de pel\u00edculas, series, documentales y producciones originales que han conquistado a millones de usuarios.<\/p>\n<h4>Caracter\u00edsticas principales<\/h4>\n<p>Netflix destaca por su intuitiva interfaz, que permite a los usuarios navegar f\u00e1cilmente entre distintos g\u00e9neros y categor\u00edas. Adem\u00e1s, la aplicaci\u00f3n ofrece recomendaciones personalizadas basadas en los contenidos vistos anteriormente, lo que facilita el descubrimiento de nuevos t\u00edtulos. Otro de sus puntos fuertes es la opci\u00f3n de descargar pel\u00edculas y series para verlas sin conexi\u00f3n, una caracter\u00edstica esencial para aquellos que quieran ahorrar datos m\u00f3viles o que no vayan a tener acceso a Internet durante un tiempo.<\/p>\n<h4>C\u00f3mo descargar e instalar<\/h4>\n<p>Para descargar la app de Netflix, s\u00f3lo tienes que ir a la tienda de aplicaciones de tu m\u00f3vil, ya sea Google Play Store para Android o App Store para iOS, buscar \"Netflix\" y hacer clic en \"Descargar\". Una vez descargada, el proceso de instalaci\u00f3n es autom\u00e1tico. Una vez instalada, todo lo que tienes que hacer es abrir la aplicaci\u00f3n, iniciar sesi\u00f3n o crear una cuenta, y empezar a explorar el vasto cat\u00e1logo.<\/p>\n<h4>Ventajas de Netflix<\/h4>\n<p>Una de las grandes ventajas de Netflix es la constante actualizaci\u00f3n de su cat\u00e1logo, al que se a\u00f1aden nuevos contenidos con regularidad. Adem\u00e1s, la plataforma es compatible con m\u00faltiples dispositivos, lo que permite empezar una pel\u00edcula en el m\u00f3vil y seguir vi\u00e9ndola en el televisor o la tableta. La calidad del streaming tambi\u00e9n es otro punto a favor, con soporte para HD y 4K, dependiendo de tu suscripci\u00f3n y dispositivo.<\/p>\n<h3>2. Amazon Prime Video: Contenido exclusivo y precios asequibles<\/h3>\n<p>Otro gigante del streaming digno de menci\u00f3n es Amazon Prime Video. La plataforma ha crecido significativamente en los \u00faltimos a\u00f1os, especialmente con la producci\u00f3n de contenidos originales de alta calidad. Para los que ya est\u00e1n suscritos al servicio Amazon Prime, el acceso a Prime Video es una ventaja a\u00f1adida, lo que lo hace a\u00fan m\u00e1s atractivo.<\/p>\n<h4>Caracter\u00edsticas principales<\/h4>\n<p>Amazon Prime Video ofrece una interfaz f\u00e1cil de usar, con varias categor\u00edas y sugerencias basadas en tus preferencias. Al igual que Netflix, la aplicaci\u00f3n tambi\u00e9n permite descargar contenidos para verlos sin conexi\u00f3n. Lo que diferencia a Prime Video es la posibilidad de alquilar o comprar pel\u00edculas reci\u00e9n estrenadas que a\u00fan no est\u00e1n disponibles con la suscripci\u00f3n est\u00e1ndar.<\/p>\n<h4>C\u00f3mo descargar e instalar<\/h4>\n<p>El proceso de descarga e instalaci\u00f3n de Amazon Prime Video es similar al de Netflix. Ve a la tienda de aplicaciones de tu m\u00f3vil, busca \"Amazon Prime Video\" y sigue los pasos para descargarla e instalarla. Tras abrir la aplicaci\u00f3n, tendr\u00e1s que iniciar sesi\u00f3n con tu cuenta de Amazon para acceder a los contenidos disponibles.<\/p>\n<h4>Ventajas de Amazon Prime Video<\/h4>\n<p>Adem\u00e1s de ofrecer una excelente relaci\u00f3n calidad-precio, Amazon Prime Video destaca por sus contenidos exclusivos, como las series \"The Boys\", \"Fleabag\" y \"The Marvelous Mrs Maisel\". La calidad del streaming es excelente, con soporte para resoluciones de hasta 4K, y la app tambi\u00e9n permite crear perfiles individuales para los diferentes miembros de la familia.<\/p>\n<h3>3. Disney+: El reino de Disney en tu bolsillo<\/h3>\n<p>Para los fans de las producciones Disney, Disney+ es la app perfecta. Lanzado en 2019, Disney+ se ha convertido r\u00e1pidamente en uno de los servicios de streaming m\u00e1s populares, especialmente para familias y fans de franquicias ic\u00f3nicas como Marvel, Star Wars, Pixar y, por supuesto, los cl\u00e1sicos de Disney.<\/p>\n<h4>Caracter\u00edsticas principales<\/h4>\n<p>Disney+ ofrece una interfaz limpia y organizada, dividida por marcas, que facilita la navegaci\u00f3n entre los contenidos de Marvel, Star Wars, Pixar y National Geographic, entre otros. La aplicaci\u00f3n tambi\u00e9n permite descargar contenidos para verlos sin conexi\u00f3n y admite hasta siete perfiles diferentes por cuenta, lo que resulta ideal para familias.<\/p>\n<h4>C\u00f3mo descargar e instalar<\/h4>\n<p>Para descargar Disney+, ve a la tienda de aplicaciones de tu m\u00f3vil, busca \"Disney+\" y sigue los pasos para descargarla e instalarla. Despu\u00e9s de abrir la aplicaci\u00f3n, inicia sesi\u00f3n con tu cuenta Disney, o crea una nueva si es necesario. Ya puedes explorar el amplio cat\u00e1logo del servicio.<\/p>\n<h4>Ventajas de Disney<\/h4>\n<p>Adem\u00e1s de su amplio y variado cat\u00e1logo, Disney+ ofrece contenidos de alta calidad, incluida la compatibilidad con 4K y HDR en dispositivos compatibles. La aplicaci\u00f3n tambi\u00e9n es conocida por su estabilidad y su fluida experiencia de usuario. Otro punto a favor es la ausencia de anuncios, lo que garantiza una experiencia de visionado ininterrumpida.<\/p>\n<h3>4. HBO Max: entretenimiento premium al alcance de tu mano<\/h3>\n<p>HBO Max es la aplicaci\u00f3n ideal para cualquiera que busque contenidos premium, como superproducciones cinematogr\u00e1ficas, series aclamadas y documentales impactantes. Como parte del grupo WarnerMedia, HBO Max ofrece acceso a contenidos exclusivos de HBO, as\u00ed como a una amplia colecci\u00f3n de t\u00edtulos cl\u00e1sicos y contempor\u00e1neos.<\/p>\n<h4>Caracter\u00edsticas principales<\/h4>\n<p>HBO Max destaca por su contenido curado, con una s\u00f3lida selecci\u00f3n de pel\u00edculas y series que van desde producciones cl\u00e1sicas a estrenos recientes. La interfaz de la aplicaci\u00f3n es moderna y f\u00e1cil de usar, con varias opciones de personalizaci\u00f3n. La aplicaci\u00f3n tambi\u00e9n permite descargar contenidos para verlos sin conexi\u00f3n y admite varios perfiles.<\/p>\n<h4>C\u00f3mo descargar e instalar<\/h4>\n<p>Descargar e instalar HBO Max es muy sencillo. Ve a la tienda de aplicaciones de tu dispositivo, busca \"HBO Max\" y sigue las instrucciones para descargarla e instalarla. Tras abrir la aplicaci\u00f3n, inicia sesi\u00f3n con tu cuenta de HBO o crea una nueva para empezar a verla.<\/p>\n<h4>Ventajas de HBO Max<\/h4>\n<p>HBO Max es especialmente atractiva para los fans de series de alta calidad como \"Juego de Tronos\", \"Succession\" y \"Euphoria\". Adem\u00e1s, la aplicaci\u00f3n admite streaming en HD y 4K, lo que garantiza una experiencia visual de primera. El contenido infantil tambi\u00e9n es s\u00f3lido, con una amplia variedad de animaciones y series familiares.<\/p>\n<h3>5. Globoplay: Lo mejor del contenido nacional e internacional<\/h3>\n<p>Para quienes buscan una combinaci\u00f3n de contenidos nacionales e internacionales, Globoplay es una excelente opci\u00f3n. Como el mayor servicio brasile\u00f1o de streaming, Globoplay ofrece una amplia gama de telenovelas, series, pel\u00edculas y programas de televisi\u00f3n, as\u00ed como contenidos exclusivos.<\/p>\n<h4>Caracter\u00edsticas principales<\/h4>\n<p>Globoplay destaca por su amplia biblioteca de telenovelas y series brasile\u00f1as, as\u00ed como contenidos internacionales bajo licencia. La aplicaci\u00f3n tambi\u00e9n ofrece emisiones en directo de TV Globo, lo que permite a los usuarios ver el programa en directo desde sus tel\u00e9fonos m\u00f3viles. Al igual que las dem\u00e1s aplicaciones, Globoplay permite descargar contenidos para verlos sin conexi\u00f3n.<\/p>\n<h4>C\u00f3mo descargar e instalar<\/h4>\n<p>Para descargar Globoplay, ve a Google Play Store o App Store y busca \"Globoplay\". Una vez descargada e instalada, abre la aplicaci\u00f3n, inicia sesi\u00f3n con tu cuenta Globo y empieza a explorar los contenidos disponibles.<\/p>\n<h4>Ventajas de Globoplay<\/h4>\n<p>Globoplay es la opci\u00f3n ideal para quienes quieran estar al d\u00eda de las producciones nacionales. Adem\u00e1s, el servicio ofrece una amplia gama de series y pel\u00edculas internacionales populares de diferentes g\u00e9neros. La compatibilidad con varios dispositivos y perfiles hace que la experiencia sea a\u00fan m\u00e1s personalizada y c\u00f3moda.<\/p>\n<h3>6. Apple TV+: calidad de cine en tu m\u00f3vil<\/h3>\n<p>Apple TV+ es el servicio de streaming de Apple, centrado en contenidos originales de alta calidad. Desde su lanzamiento, Apple TV+ ha destacado por producciones que a menudo desaf\u00edan los est\u00e1ndares de calidad de Hollywood.<\/p>\n<h4>Caracter\u00edsticas principales<\/h4>\n<p>Apple TV+ ofrece una interfaz minimalista y f\u00e1cil de navegar, caracter\u00edstica de los productos Apple. La aplicaci\u00f3n est\u00e1 integrada con otros servicios de streaming y permite comprar o alquilar pel\u00edculas y series que no est\u00e1n disponibles por suscripci\u00f3n. Admite la descarga de contenidos para verlos sin conexi\u00f3n, as\u00ed como la creaci\u00f3n de distintos perfiles.<\/p>\n<h4>C\u00f3mo descargar e instalar<\/h4>\n<p>Para descargar Apple TV+, los usuarios de iPhone ya tendr\u00e1n la aplicaci\u00f3n preinstalada en sus dispositivos. Para los usuarios de Android, el proceso es similar al de otras aplicaciones: basta con buscar \"Apple TV+\" en la tienda de aplicaciones, descargarla e instalarla. Tras abrir la aplicaci\u00f3n, inicia sesi\u00f3n con tu ID de Apple para acceder al contenido.<\/p>\n<h4>Ventajas del Apple TV<\/h4>\n<p>Lo mejor del Apple TV+ es la calidad de sus producciones, con series y pel\u00edculas que suelen ganar premios y el reconocimiento de la cr\u00edtica. Adem\u00e1s, Apple TV+ ofrece compatibilidad con 4K y Dolby Vision, lo que proporciona una experiencia de visionado envolvente. Otro punto a favor es la posibilidad de compartir la suscripci\u00f3n con hasta cinco miembros de la familia.<\/p>\n<h3>7. Star+: Lo mejor del deporte y el espect\u00e1culo<\/h3>\n<p>Por \u00faltimo, Star+ es una aplicaci\u00f3n de streaming que combina lo mejor del entretenimiento y los deportes en directo. Como parte del grupo Disney, Star+ es una excelente opci\u00f3n para quienes buscan un cat\u00e1logo variado, que va desde series de \u00e9xito a retransmisiones deportivas.<\/p>\n<h4>Caracter\u00edsticas principales<\/h4>\n<p>Star+ destaca por su oferta de deportes en directo, que incluye partidos de f\u00fatbol, tenis y otros eventos deportivos, as\u00ed como una amplia biblioteca de pel\u00edculas y series. La aplicaci\u00f3n tambi\u00e9n permite descargar contenidos para verlos sin conexi\u00f3n y ofrece perfiles personalizados para cada miembro de la familia.<\/p>\n<h4>C\u00f3mo descargar e instalar<\/h4>\n<p>Descargar e instalar Star+ es muy sencillo: s\u00f3lo tienes que ir a la tienda de aplicaciones de tu dispositivo, buscar \"Star+\" y seguir las instrucciones de descarga e instalaci\u00f3n. Una vez abierta la aplicaci\u00f3n, tendr\u00e1s que iniciar sesi\u00f3n con tu cuenta Disney para acceder al contenido.<\/p>\n<h4>Ventajas de Star<\/h4>\n<p>Adem\u00e1s de contenidos deportivos, Star+ ofrece una amplia colecci\u00f3n de series de \u00e9xito, como \"Los Simpson\", \"This Is Us\" y \"Anatom\u00eda de Grey\". La integraci\u00f3n con Disney+ tambi\u00e9n es una ventaja, ya que te permite combinar suscripciones y tener acceso a una biblioteca de contenidos a\u00fan mayor.<\/p>\n<h3>Conclusi\u00f3n<\/h3>\n<p>Ver pel\u00edculas y series en el m\u00f3vil nunca ha sido tan f\u00e1cil, gracias a la gran variedad de aplicaciones disponibles en el mercado. Desde gigantes del streaming como Netflix y Amazon Prime Video hasta servicios m\u00e1s espec\u00edficos como Globoplay y Star+, hay una opci\u00f3n para cada gusto y necesidad. Todas estas apps ofrecen funcionalidades que hacen que la experiencia de ver en el m\u00f3vil sea c\u00f3moda y agradable, con opciones para descargar e instalar f\u00e1cilmente. Elige la aplicaci\u00f3n que mejor se adapte a tu estilo de vida y disfruta del mejor entretenimiento est\u00e9s donde est\u00e9s.<\/p>\n<p>Tanto si quieres matar el tiempo como maratonear tus series favoritas, tener una buena aplicaci\u00f3n de streaming instalada en tu m\u00f3vil es esencial. No pierdas tiempo, descarga e instala hoy mismo tus favoritas y disfruta de lo mejor del mundo del cine y la televisi\u00f3n directamente en tu m\u00f3vil.<\/p>\n<p>\t\t\t<a href=\"https:\/\/descomplicalife.com\/es\/como-ver-peliculas-y-series-en-tu-celular\/\"><br \/>\n\t\t\t\t\t\t\t\t\tC\u00d3MO DESCARGAR LA SOLICITUD<br \/>\n\t\t\t\t\t<\/a><\/p>\n<h2>Permanecer\u00e1 en este sitio<\/h2>","protected":false},"excerpt":{"rendered":"<p>Ver Gratis App Publicidad Hemos creado una gu\u00eda para ayudarte a encontrar una app para ver pel\u00edculas y series en tu m\u00f3vil. Disfruta de tus pel\u00edculas o series favoritas directamente desde tu dispositivo m\u00f3vil. Las mejores apps para ver pel\u00edculas y series en streaming. \u00bfQUIERES VER PEL\u00cdCULAS EN TU M\u00d3VIL? S\u00cd NO Permanecer\u00e1s en esta [...]<\/p>","protected":false},"author":1,"featured_media":0,"parent":0,"menu_order":0,"comment_status":"closed","ping_status":"closed","template":"elementor_header_footer","meta":{"ocean_post_layout":"","ocean_both_sidebars_style":"","ocean_both_sidebars_content_width":0,"ocean_both_sidebars_sidebars_width":0,"ocean_sidebar":"","ocean_second_sidebar":"","ocean_disable_margins":"enable","ocean_add_body_class":"","ocean_shortcode_before_top_bar":"","ocean_shortcode_after_top_bar":"","ocean_shortcode_before_header":"","ocean_shortcode_after_header":"","ocean_has_shortcode":"","ocean_shortcode_after_title":"","ocean_shortcode_before_footer_widgets":"","ocean_shortcode_after_footer_widgets":"","ocean_shortcode_before_footer_bottom":"","ocean_shortcode_after_footer_bottom":"","ocean_display_top_bar":"default","ocean_display_header":"default","ocean_header_style":"","ocean_center_header_left_menu":"","ocean_custom_header_template":"","ocean_custom_logo":0,"ocean_custom_retina_logo":0,"ocean_custom_logo_max_width":0,"ocean_custom_logo_tablet_max_width":0,"ocean_custom_logo_mobile_max_width":0,"ocean_custom_logo_max_height":0,"ocean_custom_logo_tablet_max_height":0,"ocean_custom_logo_mobile_max_height":0,"ocean_header_custom_menu":"","ocean_menu_typo_font_family":"","ocean_menu_typo_font_subset":"","ocean_menu_typo_font_size":0,"ocean_menu_typo_font_size_tablet":0,"ocean_menu_typo_font_size_mobile":0,"ocean_menu_typo_font_size_unit":"px","ocean_menu_typo_font_weight":"","ocean_menu_typo_font_weight_tablet":"","ocean_menu_typo_font_weight_mobile":"","ocean_menu_typo_transform":"","ocean_menu_typo_transform_tablet":"","ocean_menu_typo_transform_mobile":"","ocean_menu_typo_line_height":0,"ocean_menu_typo_line_height_tablet":0,"ocean_menu_typo_line_height_mobile":0,"ocean_menu_typo_line_height_unit":"","ocean_menu_typo_spacing":0,"ocean_menu_typo_spacing_tablet":0,"ocean_menu_typo_spacing_mobile":0,"ocean_menu_typo_spacing_unit":"","ocean_menu_link_color":"","ocean_menu_link_color_hover":"","ocean_menu_link_color_active":"","ocean_menu_link_background":"","ocean_menu_link_hover_background":"","ocean_menu_link_active_background":"","ocean_menu_social_links_bg":"","ocean_menu_social_hover_links_bg":"","ocean_menu_social_links_color":"","ocean_menu_social_hover_links_color":"","ocean_disable_title":"default","ocean_disable_heading":"default","ocean_post_title":"","ocean_post_subheading":"","ocean_post_title_style":"","ocean_post_title_background_color":"","ocean_post_title_background":0,"ocean_post_title_bg_image_position":"","ocean_post_title_bg_image_attachment":"","ocean_post_title_bg_image_repeat":"","ocean_post_title_bg_image_size":"","ocean_post_title_height":0,"ocean_post_title_bg_overlay":0.5,"ocean_post_title_bg_overlay_color":"","ocean_disable_breadcrumbs":"default","ocean_breadcrumbs_color":"","ocean_breadcrumbs_separator_color":"","ocean_breadcrumbs_links_color":"","ocean_breadcrumbs_links_hover_color":"","ocean_display_footer_widgets":"default","ocean_display_footer_bottom":"default","ocean_custom_footer_template":"","footnotes":""},"class_list":["post-1140","page","type-page","status-publish","hentry","entry"],"_links":{"self":[{"href":"https:\/\/descomplicalife.com\/es\/wp-json\/wp\/v2\/pages\/1140","targetHints":{"allow":["GET"]}}],"collection":[{"href":"https:\/\/descomplicalife.com\/es\/wp-json\/wp\/v2\/pages"}],"about":[{"href":"https:\/\/descomplicalife.com\/es\/wp-json\/wp\/v2\/types\/page"}],"author":[{"embeddable":true,"href":"https:\/\/descomplicalife.com\/es\/wp-json\/wp\/v2\/users\/1"}],"replies":[{"embeddable":true,"href":"https:\/\/descomplicalife.com\/es\/wp-json\/wp\/v2\/comments?post=1140"}],"version-history":[{"count":0,"href":"https:\/\/descomplicalife.com\/es\/wp-json\/wp\/v2\/pages\/1140\/revisions"}],"wp:attachment":[{"href":"https:\/\/descomplicalife.com\/es\/wp-json\/wp\/v2\/media?parent=1140"}],"curies":[{"name":"wp","href":"https:\/\/api.w.org\/{rel}","templated":true}]}}