{"id":843,"date":"2024-04-05T22:17:50","date_gmt":"2024-04-05T22:17:50","guid":{"rendered":"https:\/\/descomplicalife.com\/?page_id=843"},"modified":"2024-07-12T12:31:50","modified_gmt":"2024-07-12T15:31:50","slug":"termos-de-uso","status":"publish","type":"page","link":"https:\/\/descomplicalife.com\/es\/terminos-de-uso\/","title":{"rendered":"Condiciones de uso"},"content":{"rendered":"<p><strong>Condiciones de uso de Descomplica Life<\/strong><\/p>\n<p>Fecha efectiva: 02 febrero 2024<\/p>\n<p><strong>1. Aceptaci\u00f3n de las condiciones<\/strong><\/p>\n<p>Al acceder y utilizar el sitio web Descomplica Life (<a href=\"https:\/\/descomplicalife.com\/es\/\" target=\"_new\" rel=\"noopener\">https:\/\/descomplicalife.com\/<\/a>), acepta y se compromete a cumplir las presentes Condiciones de uso (\"Condiciones\") y nuestra Pol\u00edtica de privacidad, incorporadas al presente documento por referencia. Si no est\u00e1 de acuerdo con alguna parte de las Condiciones, no debe utilizar ni acceder a este sitio web.<\/p>\n<p><strong>2. Modificaci\u00f3n de las condiciones<\/strong><\/p>\n<p>Izzoto Ads se reserva el derecho, a su sola discreci\u00f3n, de modificar o reemplazar estos T\u00e9rminos en cualquier momento. Si los cambios constituyen una modificaci\u00f3n material de los T\u00e9rminos, se lo notificaremos mediante un anuncio en nuestro sitio web. Lo que constituye una \"modificaci\u00f3n material\" ser\u00e1 determinado a nuestra entera discreci\u00f3n, de buena fe y utilizando el sentido com\u00fan y un juicio razonable.<\/p>\n<p><strong>3. Acceso al sitio<\/strong><\/p>\n<p>A. Izzoto Ads le otorga una licencia limitada para acceder y utilizar el Sitio Web para su uso personal y no comercial. B. Esta licencia no incluye ninguna reventa o uso comercial del sitio o su contenido; cualquier recopilaci\u00f3n y uso de cualquier listado de productos, descripciones o precios; cualquier uso derivado del sitio o su contenido; cualquier descarga o copia de informaci\u00f3n de la cuenta en beneficio de otro comerciante; o cualquier uso de miner\u00eda de datos, robots o herramientas similares de recopilaci\u00f3n y extracci\u00f3n de datos.<\/p>\n<p><strong>4. Derechos de propiedad intelectual<\/strong><\/p>\n<p>Todo el contenido proporcionado en Descomplica Life, incluyendo pero no limitado a texto, gr\u00e1ficos, logotipos, iconos de botones, im\u00e1genes, clips de audio, descargas digitales, compilaciones de datos y software, es propiedad de Izzoto Ads o de sus proveedores de contenido y est\u00e1 protegido por las leyes internacionales y brasile\u00f1as de derechos de autor.<\/p>\n<p><strong>5. Uso prohibido<\/strong><\/p>\n<p>Usted se compromete a no utilizar el sitio web de forma que:<\/p>\n<p>A. Violar cualquier ley local, estatal, nacional o internacional aplicable. B. Infrinja los derechos de propiedad intelectual de Izzoto Ads o de terceros. C. Acosar, abusar, insultar, da\u00f1ar, difamar, calumniar, menospreciar, intimidar o discriminar por razones de g\u00e9nero, orientaci\u00f3n sexual, religi\u00f3n, etnia, raza, edad, origen nacional o discapacidad. D. Enviar informaci\u00f3n falsa o enga\u00f1osa. E. Cargar o transmitir virus o cualquier otro tipo de c\u00f3digo malicioso. F. Recoger o rastrear informaci\u00f3n personal de otros.<\/p>\n<p><strong>6. Contribuciones de los usuarios<\/strong><\/p>\n<p>A. El sitio puede permitirle enviar comentarios, participar en debates o aportar contenidos de alg\u00fan modo. Al realizar una contribuci\u00f3n, usted declara que tiene derecho a poner a disposici\u00f3n el contenido y que \u00e9ste no viola los derechos de terceros ni la legislaci\u00f3n aplicable.<\/p>\n<p>B. Al publicar contenido, usted otorga a Izzoto Ads una licencia mundial, perpetua, irrevocable, no exclusiva, sublicenciable y libre de regal\u00edas para usar, reproducir, modificar, adaptar, publicar, traducir, crear trabajos derivados, distribuir, ejecutar y mostrar dicho contenido en cualquier medio.<\/p>\n<p><strong>7. Renuncia y limitaci\u00f3n de responsabilidad<\/strong><\/p>\n<p>Izzoto Ads no garantiza la exactitud, integridad o utilidad de la informaci\u00f3n presentada en el sitio. Todo el contenido se proporciona \"tal cual\" sin garant\u00eda de ning\u00fan tipo. Izzoto Ads, sus afiliados o sus proveedores de contenido no ser\u00e1n responsables por ning\u00fan da\u00f1o de cualquier tipo que surja del uso del sitio o la imposibilidad de usar el sitio.<\/p>\n<p><strong>8. Ley aplicable y jurisdicci\u00f3n<\/strong><\/p>\n<p>Estas Condiciones se regir\u00e1n e interpretar\u00e1n de conformidad con las leyes de Brasil, sin dar efecto a ning\u00fan principio de conflicto de leyes. Cualquier disputa que surja de estos T\u00e9rminos se resolver\u00e1 en los tribunales ubicados en S\u00e3o Paulo, Brasil.<\/p>\n<p><strong>9. Contacto<\/strong><\/p>\n<p>Para cualquier pregunta relacionada con estas Condiciones de uso, p\u00f3ngase en contacto con nosotros en: <strong><a href=\"mailto:help@izzotodigital.com.br\">help@izzotodigital.com.br<\/a><\/strong>.<\/p>\n<p><strong>10. Reconocimiento<\/strong><\/p>\n<p>Al utilizar el sitio web de Descomplica Life, usted reconoce que ha le\u00eddo y entendido estas Condiciones de Uso y acepta que quedar\u00e1 vinculado por ellas.<\/p>","protected":false},"excerpt":{"rendered":"<p>Termos de Uso do Descomplica Life Data de efetividade: 02 de fevereiro de 2024 1. Aceita\u00e7\u00e3o dos Termos Ao acessar e usar o site Descomplica Life (https:\/\/descomplicalife.com\/), voc\u00ea aceita e concorda estar vinculado por estes Termos de Uso (&#8220;Termos&#8221;) e pela nossa Pol\u00edtica de Privacidade, incorporada aqui por refer\u00eancia. Se voc\u00ea n\u00e3o concorda com qualquer [&hellip;]<\/p>","protected":false},"author":1,"featured_media":0,"parent":0,"menu_order":0,"comment_status":"closed","ping_status":"closed","template":"","meta":{"ocean_post_layout":"","ocean_both_sidebars_style":"","ocean_both_sidebars_content_width":0,"ocean_both_sidebars_sidebars_width":0,"ocean_sidebar":"","ocean_second_sidebar":"","ocean_disable_margins":"enable","ocean_add_body_class":"","ocean_shortcode_before_top_bar":"","ocean_shortcode_after_top_bar":"","ocean_shortcode_before_header":"","ocean_shortcode_after_header":"","ocean_has_shortcode":"","ocean_shortcode_after_title":"","ocean_shortcode_before_footer_widgets":"","ocean_shortcode_after_footer_widgets":"","ocean_shortcode_before_footer_bottom":"","ocean_shortcode_after_footer_bottom":"","ocean_display_top_bar":"default","ocean_display_header":"default","ocean_header_style":"","ocean_center_header_left_menu":"","ocean_custom_header_template":"","ocean_custom_logo":0,"ocean_custom_retina_logo":0,"ocean_custom_logo_max_width":0,"ocean_custom_logo_tablet_max_width":0,"ocean_custom_logo_mobile_max_width":0,"ocean_custom_logo_max_height":0,"ocean_custom_logo_tablet_max_height":0,"ocean_custom_logo_mobile_max_height":0,"ocean_header_custom_menu":"","ocean_menu_typo_font_family":"","ocean_menu_typo_font_subset":"","ocean_menu_typo_font_size":0,"ocean_menu_typo_font_size_tablet":0,"ocean_menu_typo_font_size_mobile":0,"ocean_menu_typo_font_size_unit":"px","ocean_menu_typo_font_weight":"","ocean_menu_typo_font_weight_tablet":"","ocean_menu_typo_font_weight_mobile":"","ocean_menu_typo_transform":"","ocean_menu_typo_transform_tablet":"","ocean_menu_typo_transform_mobile":"","ocean_menu_typo_line_height":0,"ocean_menu_typo_line_height_tablet":0,"ocean_menu_typo_line_height_mobile":0,"ocean_menu_typo_line_height_unit":"","ocean_menu_typo_spacing":0,"ocean_menu_typo_spacing_tablet":0,"ocean_menu_typo_spacing_mobile":0,"ocean_menu_typo_spacing_unit":"","ocean_menu_link_color":"","ocean_menu_link_color_hover":"","ocean_menu_link_color_active":"","ocean_menu_link_background":"","ocean_menu_link_hover_background":"","ocean_menu_link_active_background":"","ocean_menu_social_links_bg":"","ocean_menu_social_hover_links_bg":"","ocean_menu_social_links_color":"","ocean_menu_social_hover_links_color":"","ocean_disable_title":"default","ocean_disable_heading":"default","ocean_post_title":"","ocean_post_subheading":"","ocean_post_title_style":"","ocean_post_title_background_color":"","ocean_post_title_background":0,"ocean_post_title_bg_image_position":"","ocean_post_title_bg_image_attachment":"","ocean_post_title_bg_image_repeat":"","ocean_post_title_bg_image_size":"","ocean_post_title_height":0,"ocean_post_title_bg_overlay":0.5,"ocean_post_title_bg_overlay_color":"","ocean_disable_breadcrumbs":"default","ocean_breadcrumbs_color":"","ocean_breadcrumbs_separator_color":"","ocean_breadcrumbs_links_color":"","ocean_breadcrumbs_links_hover_color":"","ocean_display_footer_widgets":"default","ocean_display_footer_bottom":"default","ocean_custom_footer_template":"","footnotes":""},"class_list":["post-843","page","type-page","status-publish","hentry","entry"],"_links":{"self":[{"href":"https:\/\/descomplicalife.com\/es\/wp-json\/wp\/v2\/pages\/843","targetHints":{"allow":["GET"]}}],"collection":[{"href":"https:\/\/descomplicalife.com\/es\/wp-json\/wp\/v2\/pages"}],"about":[{"href":"https:\/\/descomplicalife.com\/es\/wp-json\/wp\/v2\/types\/page"}],"author":[{"embeddable":true,"href":"https:\/\/descomplicalife.com\/es\/wp-json\/wp\/v2\/users\/1"}],"replies":[{"embeddable":true,"href":"https:\/\/descomplicalife.com\/es\/wp-json\/wp\/v2\/comments?post=843"}],"version-history":[{"count":0,"href":"https:\/\/descomplicalife.com\/es\/wp-json\/wp\/v2\/pages\/843\/revisions"}],"wp:attachment":[{"href":"https:\/\/descomplicalife.com\/es\/wp-json\/wp\/v2\/media?parent=843"}],"curies":[{"name":"wp","href":"https:\/\/api.w.org\/{rel}","templated":true}]}}