{"id":1028,"date":"2020-05-14T00:05:26","date_gmt":"2020-05-14T00:05:26","guid":{"rendered":"https:\/\/descomplicalife.com\/?page_id=2"},"modified":"2024-07-12T13:15:25","modified_gmt":"2024-07-12T16:15:25","slug":"fale-conosco","status":"publish","type":"page","link":"https:\/\/descomplicalife.com\/fr\/contactez-nous\/","title":{"rendered":"Contactez nous"},"content":{"rendered":"<p><strong>Contactez nous<\/strong><\/p>\n<p>L'\u00e9quipe de Descomplica Life est toujours pr\u00eate \u00e0 vous entendre ! Si vous avez des questions, des suggestions ou si vous voulez simplement partager votre opinion sur les sujets que nous traitons, n'h\u00e9sitez pas \u00e0 nous contacter. Nous appr\u00e9cions beaucoup les commentaires de nos lecteurs et nous sommes l\u00e0 pour vous aider de toutes les mani\u00e8res possibles.<\/p>\n<p><strong>Contactez-nous directement :<\/strong><\/p>\n<ul>\n<li><strong>E-mail :<\/strong> Pour les demandes g\u00e9n\u00e9rales, les partenariats ou l'aide aux lecteurs, veuillez envoyer un courriel \u00e0 l'adresse suivante <a href=\"mailto:help@izzotodigital.com.br\"><strong>help@izzotodigital.com.br<\/strong><\/a>. Nous nous effor\u00e7ons de r\u00e9pondre \u00e0 tous les courriels dans les 48 heures.<\/li>\n<\/ul>\n<p><strong>Visitez-nous :<\/strong><\/p>\n<ul>\n<li><strong>Adresse :<\/strong> Si vous \u00eates \u00e0 S\u00e3o Paulo et que vous souhaitez nous rencontrer en personne, nous sommes situ\u00e9s \u00e0 S\u00e3o Paulo - SP, Br\u00e9sil. Pour des raisons de s\u00e9curit\u00e9 et pour que nous puissions vous offrir la meilleure exp\u00e9rience possible, nous vous demandons de r\u00e9server votre visite par courrier \u00e9lectronique.<\/li>\n<\/ul>\n<p><strong>Connectez-vous avec nous sur les m\u00e9dias sociaux :<\/strong><\/p>\n<p>Nous sommes pr\u00e9sents sur les principaux r\u00e9seaux sociaux pour vous apporter des nouvelles, des conseils et interagir avec notre communaut\u00e9. Suivez-nous pour rester au courant de tout ce qui se passe dans le monde des applications, des emplois et des nouvelles pertinentes.<\/p>\n<ul>\n<li><strong>Instagram, Twitter, Facebook :<\/strong> <a href=\"https:\/\/www.instagram.com\/izzotodigital\" target=\"_new\" rel=\"noopener\">@izzotodigital<\/a><\/li>\n<\/ul>\n<p><strong>Formulaire de contact :<\/strong><\/p>\n<p>Pour plus de commodit\u00e9, vous pouvez \u00e9galement utiliser notre formulaire de contact directement sur la page. Remplissez vos coordonn\u00e9es et votre message et nous vous r\u00e9pondrons dans les plus brefs d\u00e9lais.<\/p>\n<p>Que ce soit pour r\u00e9pondre \u00e0 des questions, offrir des suggestions ou tout autre type d'interaction, votre message est tr\u00e8s important pour nous. L'\u00e9quipe de Descomplica Life vous remercie de votre contact et de votre int\u00e9r\u00eat. Nous nous r\u00e9jouissons d'avoir de vos nouvelles !<\/p>","protected":false},"excerpt":{"rendered":"<p>Fale Conosco A equipe do Descomplica Life est\u00e1 sempre pronta para ouvir voc\u00ea! Se voc\u00ea tem perguntas, sugest\u00f5es, ou simplesmente quer compartilhar sua opini\u00e3o sobre os temas que abordamos, n\u00e3o hesite em entrar em contato. Valorizamos muito o feedback dos nossos leitores e estamos aqui para ajudar no que for poss\u00edvel. Entre em Contato Diretamente: [&hellip;]<\/p>","protected":false},"author":1,"featured_media":0,"parent":0,"menu_order":0,"comment_status":"closed","ping_status":"open","template":"","meta":{"ocean_post_layout":"","ocean_both_sidebars_style":"","ocean_both_sidebars_content_width":0,"ocean_both_sidebars_sidebars_width":0,"ocean_sidebar":"","ocean_second_sidebar":"","ocean_disable_margins":"enable","ocean_add_body_class":"","ocean_shortcode_before_top_bar":"","ocean_shortcode_after_top_bar":"","ocean_shortcode_before_header":"","ocean_shortcode_after_header":"","ocean_has_shortcode":"","ocean_shortcode_after_title":"","ocean_shortcode_before_footer_widgets":"","ocean_shortcode_after_footer_widgets":"","ocean_shortcode_before_footer_bottom":"","ocean_shortcode_after_footer_bottom":"","ocean_display_top_bar":"default","ocean_display_header":"default","ocean_header_style":"","ocean_center_header_left_menu":"","ocean_custom_header_template":"","ocean_custom_logo":0,"ocean_custom_retina_logo":0,"ocean_custom_logo_max_width":0,"ocean_custom_logo_tablet_max_width":0,"ocean_custom_logo_mobile_max_width":0,"ocean_custom_logo_max_height":0,"ocean_custom_logo_tablet_max_height":0,"ocean_custom_logo_mobile_max_height":0,"ocean_header_custom_menu":"","ocean_menu_typo_font_family":"","ocean_menu_typo_font_subset":"","ocean_menu_typo_font_size":0,"ocean_menu_typo_font_size_tablet":0,"ocean_menu_typo_font_size_mobile":0,"ocean_menu_typo_font_size_unit":"px","ocean_menu_typo_font_weight":"","ocean_menu_typo_font_weight_tablet":"","ocean_menu_typo_font_weight_mobile":"","ocean_menu_typo_transform":"","ocean_menu_typo_transform_tablet":"","ocean_menu_typo_transform_mobile":"","ocean_menu_typo_line_height":0,"ocean_menu_typo_line_height_tablet":0,"ocean_menu_typo_line_height_mobile":0,"ocean_menu_typo_line_height_unit":"","ocean_menu_typo_spacing":0,"ocean_menu_typo_spacing_tablet":0,"ocean_menu_typo_spacing_mobile":0,"ocean_menu_typo_spacing_unit":"","ocean_menu_link_color":"","ocean_menu_link_color_hover":"","ocean_menu_link_color_active":"","ocean_menu_link_background":"","ocean_menu_link_hover_background":"","ocean_menu_link_active_background":"","ocean_menu_social_links_bg":"","ocean_menu_social_hover_links_bg":"","ocean_menu_social_links_color":"","ocean_menu_social_hover_links_color":"","ocean_disable_title":"default","ocean_disable_heading":"default","ocean_post_title":"","ocean_post_subheading":"","ocean_post_title_style":"","ocean_post_title_background_color":"","ocean_post_title_background":0,"ocean_post_title_bg_image_position":"","ocean_post_title_bg_image_attachment":"","ocean_post_title_bg_image_repeat":"","ocean_post_title_bg_image_size":"","ocean_post_title_height":0,"ocean_post_title_bg_overlay":0.5,"ocean_post_title_bg_overlay_color":"","ocean_disable_breadcrumbs":"default","ocean_breadcrumbs_color":"","ocean_breadcrumbs_separator_color":"","ocean_breadcrumbs_links_color":"","ocean_breadcrumbs_links_hover_color":"","ocean_display_footer_widgets":"default","ocean_display_footer_bottom":"default","ocean_custom_footer_template":"","footnotes":""},"class_list":["post-1028","page","type-page","status-publish","hentry","entry"],"_links":{"self":[{"href":"https:\/\/descomplicalife.com\/fr\/wp-json\/wp\/v2\/pages\/1028","targetHints":{"allow":["GET"]}}],"collection":[{"href":"https:\/\/descomplicalife.com\/fr\/wp-json\/wp\/v2\/pages"}],"about":[{"href":"https:\/\/descomplicalife.com\/fr\/wp-json\/wp\/v2\/types\/page"}],"author":[{"embeddable":true,"href":"https:\/\/descomplicalife.com\/fr\/wp-json\/wp\/v2\/users\/1"}],"replies":[{"embeddable":true,"href":"https:\/\/descomplicalife.com\/fr\/wp-json\/wp\/v2\/comments?post=1028"}],"version-history":[{"count":0,"href":"https:\/\/descomplicalife.com\/fr\/wp-json\/wp\/v2\/pages\/1028\/revisions"}],"wp:attachment":[{"href":"https:\/\/descomplicalife.com\/fr\/wp-json\/wp\/v2\/media?parent=1028"}],"curies":[{"name":"wp","href":"https:\/\/api.w.org\/{rel}","templated":true}]}}