{"id":1140,"date":"2024-08-14T14:51:17","date_gmt":"2024-08-14T17:51:17","guid":{"rendered":"https:\/\/descomplicalife.com\/?page_id=1140"},"modified":"2024-10-25T20:19:15","modified_gmt":"2024-10-25T23:19:15","slug":"instalar-aplicativo-para-assistir-filmes-e-series-no-celular","status":"publish","type":"page","link":"https:\/\/descomplicalife.com\/fr\/installer-une-application-pour-regarder-des-films-et-des-series-sur-votre-telephone-portable\/","title":{"rendered":"Installer une application pour regarder des films et des s\u00e9ries sur votre t\u00e9l\u00e9phone portable"},"content":{"rendered":"<h2>Application de surveillance gratuite<\/h2>\n<p style=\"font-size: 8px; text-transform: uppercase; text-align: center;\">\n            Publicit\u00e9\n        <\/p>\n<p>\t\t<\/p>\n<p>Nous avons cr\u00e9\u00e9 un manuel pour vous aider \u00e0 trouver une <strong>application pour regarder des films et des s\u00e9ries<\/strong> sur votre t\u00e9l\u00e9phone portable. Profitez de vos films ou s\u00e9ries pr\u00e9f\u00e9r\u00e9s directement depuis votre appareil mobile. Les meilleurs<strong> des applications de diffusion en continu de films et de s\u00e9ries.<\/strong><\/p>\n<h2>VOULEZ-VOUS LE REGARDER SUR VOTRE T\u00c9L\u00c9PHONE PORTABLE ?<\/h2>\n<p>\t\t\t<a href=\"https:\/\/descomplicalife.com\/fr\/comment-regarder-des-films-et-des-series-sur-votre-telephone-portable\/\"><br \/>\n\t\t\t\t\t\t\t\t\tOUI<br \/>\n\t\t\t\t\t<\/a><br \/>\n\t\t\t<a href=\"https:\/\/descomplicalife.com\/fr\/comment-regarder-des-films-et-des-series-sur-votre-telephone-portable\/\"><br \/>\n\t\t\t\t\t\t\t\t\tNON<br \/>\n\t\t\t\t\t<\/a><\/p>\n<h2>Vous resterez sur ce site<\/h2>\n<h1>Applications pour regarder des films et des s\u00e9ries sur votre t\u00e9l\u00e9phone portable<\/h1>\n<p>De nos jours, regarder des films et des s\u00e9ries sur son t\u00e9l\u00e9phone portable est devenu l'une des formes de divertissement les plus pratiques. Avec les progr\u00e8s de la technologie et la popularisation des smartphones, nous pouvons acc\u00e9der \u00e0 une pl\u00e9thore de contenus directement dans le creux de notre main. Que ce soit pour tuer le temps dans une file d'attente ou pour se d\u00e9tendre \u00e0 la fin de la journ\u00e9e, ces applications sont devenues indispensables pour les amateurs de cin\u00e9ma et de t\u00e9l\u00e9vision. Dans cet article, nous allons d\u00e9couvrir les meilleures applications pour regarder des films et des s\u00e9ries sur votre t\u00e9l\u00e9phone portable, comment les t\u00e9l\u00e9charger et les installer, et quelles sont leurs principales fonctionnalit\u00e9s.<\/p>\n<h3>1. Netflix : le g\u00e9ant du streaming<\/h3>\n<p>On ne peut pas parler d'applications pour regarder des films et des s\u00e9ries sans mentionner Netflix. Cette application est sans aucun doute l'une des plus populaires et des plus utilis\u00e9es au monde. Depuis son lancement, Netflix a r\u00e9volutionn\u00e9 la fa\u00e7on dont nous consommons le contenu audiovisuel, offrant une vaste biblioth\u00e8que de films, s\u00e9ries, documentaires et productions originales qui ont s\u00e9duit des millions d'utilisateurs.<\/p>\n<h4>Principales caract\u00e9ristiques<\/h4>\n<p>Netflix se distingue par son interface intuitive, qui permet aux utilisateurs de naviguer facilement entre les diff\u00e9rents genres et cat\u00e9gories. En outre, l'application propose des recommandations personnalis\u00e9es bas\u00e9es sur les contenus d\u00e9j\u00e0 regard\u00e9s, ce qui facilite la d\u00e9couverte de nouveaux titres. Un autre point fort est la possibilit\u00e9 de t\u00e9l\u00e9charger des films et des s\u00e9ries pour les regarder hors ligne, une fonction essentielle pour ceux qui veulent \u00e9conomiser leurs donn\u00e9es mobiles ou qui n'ont pas d'acc\u00e8s \u00e0 l'internet pendant un certain temps.<\/p>\n<h4>Comment t\u00e9l\u00e9charger et installer<\/h4>\n<p>Pour t\u00e9l\u00e9charger l'application Netflix, il vous suffit de vous rendre dans la boutique d'applications de votre t\u00e9l\u00e9phone portable, soit le Google Play Store pour Android ou l'App Store pour iOS, de rechercher \"Netflix\" et de cliquer sur \"T\u00e9l\u00e9charger\". Une fois l'application t\u00e9l\u00e9charg\u00e9e, le processus d'installation est automatique. Une fois install\u00e9e, il ne vous reste plus qu'\u00e0 ouvrir l'application, \u00e0 vous connecter ou \u00e0 cr\u00e9er un compte, et \u00e0 commencer \u00e0 explorer le vaste catalogue.<\/p>\n<h4>Avantages de Netflix<\/h4>\n<p>L'un des grands avantages de Netflix est la mise \u00e0 jour constante de son catalogue, qui s'enrichit r\u00e9guli\u00e8rement de nouveaux contenus. En outre, la plateforme prend en charge plusieurs appareils, ce qui vous permet de commencer un film sur votre t\u00e9l\u00e9phone portable et de continuer \u00e0 le regarder sur votre t\u00e9l\u00e9viseur ou votre tablette. La qualit\u00e9 du streaming est \u00e9galement un autre atout, avec la prise en charge de la HD et de la 4K, en fonction de l'abonnement et de l'appareil.<\/p>\n<h3>2. Amazon Prime Video : Contenu exclusif et prix abordables<\/h3>\n<p>Un autre g\u00e9ant de la diffusion en continu m\u00e9rite d'\u00eatre mentionn\u00e9 : Amazon Prime Video. La plateforme s'est consid\u00e9rablement d\u00e9velopp\u00e9e ces derni\u00e8res ann\u00e9es, notamment gr\u00e2ce \u00e0 la production de contenus originaux de grande qualit\u00e9. Pour ceux qui sont d\u00e9j\u00e0 abonn\u00e9s au service Amazon Prime, l'acc\u00e8s \u00e0 Prime Video est un bonus suppl\u00e9mentaire, ce qui le rend encore plus attractif.<\/p>\n<h4>Principales caract\u00e9ristiques<\/h4>\n<p>Amazon Prime Video offre une interface conviviale, avec diff\u00e9rentes cat\u00e9gories et des suggestions bas\u00e9es sur vos pr\u00e9f\u00e9rences. Comme Netflix, l'application permet \u00e9galement de t\u00e9l\u00e9charger du contenu pour le visionner hors ligne. Ce qui distingue Prime Video, c'est la possibilit\u00e9 de louer ou d'acheter des films nouvellement sortis qui ne sont pas encore disponibles avec l'abonnement standard.<\/p>\n<h4>Comment t\u00e9l\u00e9charger et installer<\/h4>\n<p>La proc\u00e9dure de t\u00e9l\u00e9chargement et d'installation d'Amazon Prime Video est similaire \u00e0 celle de Netflix. Rendez-vous dans la boutique d'applications de votre t\u00e9l\u00e9phone portable, recherchez \"Amazon Prime Video\" et suivez les \u00e9tapes pour la t\u00e9l\u00e9charger et l'installer. Apr\u00e8s avoir ouvert l'application, vous devrez vous connecter avec votre compte Amazon pour acc\u00e9der au contenu disponible.<\/p>\n<h4>Avantages d'Amazon Prime Video<\/h4>\n<p>En plus d'offrir un excellent rapport qualit\u00e9-prix, Amazon Prime Video se distingue par son contenu exclusif, comme les s\u00e9ries \"The Boys\", \"Fleabag\" et \"The Marvelous Mrs Maisel\". La qualit\u00e9 du streaming est excellente, avec une prise en charge des r\u00e9solutions jusqu'\u00e0 4K, et l'application vous permet \u00e9galement de cr\u00e9er des profils individuels pour les diff\u00e9rents membres de la famille.<\/p>\n<h3>3. Disney+ : le royaume de Disney dans votre poche<\/h3>\n<p>Pour les fans des productions Disney, Disney+ est l'application id\u00e9ale. Lanc\u00e9 en 2019, Disney+ est rapidement devenu l'un des services de streaming les plus populaires, en particulier pour les familles et les fans de franchises embl\u00e9matiques telles que Marvel, Star Wars, Pixar et, bien s\u00fbr, les classiques de Disney.<\/p>\n<h4>Principales caract\u00e9ristiques<\/h4>\n<p>Disney+ offre une interface propre et organis\u00e9e, divis\u00e9e par marque, ce qui facilite la navigation entre les contenus de Marvel, Star Wars, Pixar, National Geographic, entre autres. L'application permet \u00e9galement de t\u00e9l\u00e9charger des contenus pour les visionner hors ligne et prend en charge jusqu'\u00e0 sept profils diff\u00e9rents par compte, ce qui est id\u00e9al pour les familles.<\/p>\n<h4>Comment t\u00e9l\u00e9charger et installer<\/h4>\n<p>Pour t\u00e9l\u00e9charger Disney+, rendez-vous dans la boutique d'applications de votre t\u00e9l\u00e9phone portable, recherchez \"Disney+\" et suivez les \u00e9tapes de t\u00e9l\u00e9chargement et d'installation. Apr\u00e8s avoir ouvert l'application, connectez-vous avec votre compte Disney, ou cr\u00e9ez-en un nouveau si n\u00e9cessaire. Vous \u00eates alors pr\u00eat \u00e0 explorer le vaste catalogue du service.<\/p>\n<h4>Les avantages de Disney+<\/h4>\n<p>En plus de son catalogue vaste et vari\u00e9, Disney+ propose des contenus de haute qualit\u00e9, notamment la prise en charge de la 4K et du HDR sur les appareils compatibles. L'application est \u00e9galement r\u00e9put\u00e9e pour sa stabilit\u00e9 et son exp\u00e9rience utilisateur fluide. Un autre point positif est l'absence de publicit\u00e9, qui garantit une exp\u00e9rience de visionnage ininterrompue.<\/p>\n<h3>4. HBO Max : le divertissement haut de gamme au bout des doigts<\/h3>\n<p>HBO Max est l'application id\u00e9ale pour tous ceux qui recherchent du contenu de qualit\u00e9, notamment des films \u00e0 succ\u00e8s, des s\u00e9ries acclam\u00e9es et des documentaires percutants. Faisant partie du groupe WarnerMedia, HBO Max offre un acc\u00e8s au contenu exclusif de HBO, ainsi qu'\u00e0 une vaste collection de titres classiques et contemporains.<\/p>\n<h4>Principales caract\u00e9ristiques<\/h4>\n<p>HBO Max se distingue par son contenu, avec une solide s\u00e9lection de films et de s\u00e9ries allant des productions classiques aux sorties r\u00e9centes. L'interface de l'application est moderne et facile \u00e0 utiliser, avec plusieurs options de personnalisation. L'application permet \u00e9galement de t\u00e9l\u00e9charger du contenu pour le regarder hors ligne et prend en charge plusieurs profils.<\/p>\n<h4>Comment t\u00e9l\u00e9charger et installer<\/h4>\n<p>Le t\u00e9l\u00e9chargement et l'installation de HBO Max sont simples. Rendez-vous dans la boutique d'applications de votre appareil, recherchez \"HBO Max\" et suivez les instructions pour la t\u00e9l\u00e9charger et l'installer. Apr\u00e8s avoir ouvert l'application, connectez-vous avec votre compte HBO ou cr\u00e9ez-en un nouveau pour commencer \u00e0 regarder.<\/p>\n<h4>Avantages de HBO Max<\/h4>\n<p>HBO Max est particuli\u00e8rement attrayante pour les fans de s\u00e9ries de grande qualit\u00e9 telles que \"Game of Thrones\", \"Succession\" et \"Euphoria\". De plus, l'application prend en charge le streaming HD et 4K, ce qui garantit une exp\u00e9rience de visionnage de premier ordre. Le contenu destin\u00e9 aux enfants est \u00e9galement solide, avec une grande vari\u00e9t\u00e9 d'animations et de s\u00e9ries familiales.<\/p>\n<h3>5. Globoplay : Le meilleur du contenu national et international<\/h3>\n<p>Pour ceux qui recherchent une combinaison de contenu national et international, Globoplay est un excellent choix. En tant que plus grand service de streaming br\u00e9silien, Globoplay propose un large \u00e9ventail de feuilletons, de s\u00e9ries, de films et de programmes t\u00e9l\u00e9vis\u00e9s, ainsi que des contenus exclusifs.<\/p>\n<h4>Principales caract\u00e9ristiques<\/h4>\n<p>Globoplay se distingue par sa vaste biblioth\u00e8que de feuilletons et de s\u00e9ries br\u00e9siliennes, ainsi que par son contenu international sous licence. L'application propose \u00e9galement des \u00e9missions en direct de TV Globo, ce qui permet aux utilisateurs de regarder le programme en direct depuis leur t\u00e9l\u00e9phone portable. Comme les autres applications, Globoplay permet de t\u00e9l\u00e9charger le contenu pour le visionner hors ligne.<\/p>\n<h4>Comment t\u00e9l\u00e9charger et installer<\/h4>\n<p>Pour t\u00e9l\u00e9charger Globoplay, rendez-vous sur le Google Play Store ou l'App Store et recherchez \"Globoplay\". Une fois t\u00e9l\u00e9charg\u00e9e et install\u00e9e, ouvrez l'application, connectez-vous avec votre compte Globo et commencez \u00e0 explorer le contenu disponible.<\/p>\n<h4>Avantages de Globoplay<\/h4>\n<p>Globoplay est le choix id\u00e9al pour ceux qui veulent se tenir au courant des productions nationales. En outre, le service propose un large \u00e9ventail de s\u00e9ries et de films internationaux populaires de diff\u00e9rents genres. La prise en charge de plusieurs appareils et profils rend l'exp\u00e9rience encore plus personnalis\u00e9e et pratique.<\/p>\n<h3>6. Apple TV+ : la qualit\u00e9 d'un film sur votre t\u00e9l\u00e9phone portable<\/h3>\n<p>Apple TV+ est le service de diffusion en continu d'Apple, ax\u00e9 sur le contenu original et de haute qualit\u00e9. Depuis son lancement, Apple TV+ se distingue par des productions qui d\u00e9fient souvent les normes de qualit\u00e9 hollywoodiennes.<\/p>\n<h4>Principales caract\u00e9ristiques<\/h4>\n<p>Apple TV+ offre une interface minimaliste et facile \u00e0 naviguer, caract\u00e9ristique des produits Apple. L'application est int\u00e9gr\u00e9e \u00e0 d'autres services de diffusion en continu et permet d'acheter ou de louer des films et des s\u00e9ries qui ne sont pas disponibles sur abonnement. Le t\u00e9l\u00e9chargement de contenu pour le visionnage hors ligne est pris en charge, de m\u00eame que la cr\u00e9ation de diff\u00e9rents profils.<\/p>\n<h4>Comment t\u00e9l\u00e9charger et installer<\/h4>\n<p>Pour t\u00e9l\u00e9charger Apple TV+, les utilisateurs d'iPhone auront d\u00e9j\u00e0 l'application pr\u00e9install\u00e9e sur leur appareil. Pour les utilisateurs d'Android, la proc\u00e9dure est similaire \u00e0 celle des autres applications : il suffit de rechercher \"Apple TV+\" dans la boutique d'applications, de la t\u00e9l\u00e9charger et de l'installer. Apr\u00e8s avoir ouvert l'application, connectez-vous avec votre identifiant Apple pour acc\u00e9der au contenu.<\/p>\n<h4>Avantages de l'Apple TV+<\/h4>\n<p>L'int\u00e9r\u00eat de l'Apple TV+ r\u00e9side dans la qualit\u00e9 de ses productions, avec des s\u00e9ries et des films qui remportent fr\u00e9quemment des prix et la reconnaissance de la critique. En outre, l'Apple TV+ prend en charge la 4K et la Dolby Vision, ce qui permet une exp\u00e9rience de visionnage immersive. Un autre atout est la possibilit\u00e9 de partager l'abonnement avec jusqu'\u00e0 cinq membres de la famille.<\/p>\n<h3>7. Star+ : le meilleur du sport et du divertissement<\/h3>\n<p>Enfin, Star+ est une application de streaming qui combine le meilleur du divertissement et du sport en direct. Appartenant au groupe Disney, Star+ est un excellent choix pour ceux qui recherchent un catalogue vari\u00e9, allant des s\u00e9ries \u00e0 succ\u00e8s aux retransmissions sportives.<\/p>\n<h4>Principales caract\u00e9ristiques<\/h4>\n<p>Star+ se distingue par son offre de sports en direct, notamment de matchs de football, de tennis et d'autres \u00e9v\u00e9nements sportifs, ainsi que par une vaste biblioth\u00e8que de films et de s\u00e9ries. L'application permet \u00e9galement de t\u00e9l\u00e9charger des contenus pour les visionner hors ligne et propose des profils personnalis\u00e9s pour chaque membre de la famille.<\/p>\n<h4>Comment t\u00e9l\u00e9charger et installer<\/h4>\n<p>Le t\u00e9l\u00e9chargement et l'installation de Star+ sont simples : il vous suffit de vous rendre dans la boutique d'applications de votre appareil, de rechercher \"Star+\" et de suivre les instructions de t\u00e9l\u00e9chargement et d'installation. Une fois l'application ouverte, vous devrez vous connecter avec votre compte Disney pour acc\u00e9der au contenu.<\/p>\n<h4>Avantages de Star+<\/h4>\n<p>Outre le contenu sportif, Star+ propose une vaste collection de s\u00e9ries \u00e0 succ\u00e8s, telles que \"The Simpsons\", \"This Is Us\" et \"Grey's Anatomy\". L'int\u00e9gration avec Disney+ est \u00e9galement un avantage, car elle permet de combiner les abonnements et d'avoir acc\u00e8s \u00e0 une biblioth\u00e8que de contenus encore plus vaste.<\/p>\n<h3>Conclusion<\/h3>\n<p>Regarder des films et des s\u00e9ries sur son t\u00e9l\u00e9phone portable n'a jamais \u00e9t\u00e9 aussi facile, gr\u00e2ce \u00e0 la grande vari\u00e9t\u00e9 d'applications disponibles sur le march\u00e9. Des g\u00e9ants du streaming comme Netflix et Amazon Prime Video aux services plus sp\u00e9cifiques comme Globoplay et Star+, il y en a pour tous les go\u00fbts et tous les besoins. Toutes ces applications offrent des fonctionnalit\u00e9s qui rendent l'exp\u00e9rience du visionnage sur votre t\u00e9l\u00e9phone portable confortable et agr\u00e9able, avec des options \u00e0 t\u00e9l\u00e9charger et \u00e0 installer facilement. Choisissez l'application qui convient le mieux \u00e0 votre style de vie et profitez du meilleur du divertissement o\u00f9 que vous soyez.<\/p>\n<p>Que ce soit pour tuer le temps ou pour faire un marathon de vos s\u00e9ries pr\u00e9f\u00e9r\u00e9es, il est essentiel d'avoir une bonne application de streaming install\u00e9e sur votre t\u00e9l\u00e9phone portable. Ne perdez pas de temps, t\u00e9l\u00e9chargez et installez vos favoris d\u00e8s aujourd'hui et profitez du meilleur du monde du cin\u00e9ma et de la t\u00e9l\u00e9vision directement sur votre mobile.<\/p>\n<p>\t\t\t<a href=\"https:\/\/descomplicalife.com\/fr\/comment-regarder-des-films-et-des-series-sur-votre-telephone-portable\/\"><br \/>\n\t\t\t\t\t\t\t\t\tCOMMENT T\u00c9L\u00c9CHARGER LA DEMANDE<br \/>\n\t\t\t\t\t<\/a><\/p>\n<h2>Vous resterez sur ce site<\/h2>","protected":false},"excerpt":{"rendered":"<p>Aplicativo para Assistir Gr\u00e1tis Publicidade Criamos um manual para auxili\u00e1-lo na busca de um aplicativo para assistir filmes e s\u00e9ries no seu celular. Desfrute de seus filmes ou s\u00e9ries preferidos diretamente do seu aparelho m\u00f3vel. Os melhores aplicativos de streaming de filmes e s\u00e9ries. VOC\u00ca QUER ASSISTIR NO CELULAR ? SIM N\u00c3O Voc\u00ea permanecer\u00e1 neste [&hellip;]<\/p>","protected":false},"author":1,"featured_media":0,"parent":0,"menu_order":0,"comment_status":"closed","ping_status":"closed","template":"elementor_header_footer","meta":{"ocean_post_layout":"","ocean_both_sidebars_style":"","ocean_both_sidebars_content_width":0,"ocean_both_sidebars_sidebars_width":0,"ocean_sidebar":"","ocean_second_sidebar":"","ocean_disable_margins":"enable","ocean_add_body_class":"","ocean_shortcode_before_top_bar":"","ocean_shortcode_after_top_bar":"","ocean_shortcode_before_header":"","ocean_shortcode_after_header":"","ocean_has_shortcode":"","ocean_shortcode_after_title":"","ocean_shortcode_before_footer_widgets":"","ocean_shortcode_after_footer_widgets":"","ocean_shortcode_before_footer_bottom":"","ocean_shortcode_after_footer_bottom":"","ocean_display_top_bar":"default","ocean_display_header":"default","ocean_header_style":"","ocean_center_header_left_menu":"","ocean_custom_header_template":"","ocean_custom_logo":0,"ocean_custom_retina_logo":0,"ocean_custom_logo_max_width":0,"ocean_custom_logo_tablet_max_width":0,"ocean_custom_logo_mobile_max_width":0,"ocean_custom_logo_max_height":0,"ocean_custom_logo_tablet_max_height":0,"ocean_custom_logo_mobile_max_height":0,"ocean_header_custom_menu":"","ocean_menu_typo_font_family":"","ocean_menu_typo_font_subset":"","ocean_menu_typo_font_size":0,"ocean_menu_typo_font_size_tablet":0,"ocean_menu_typo_font_size_mobile":0,"ocean_menu_typo_font_size_unit":"px","ocean_menu_typo_font_weight":"","ocean_menu_typo_font_weight_tablet":"","ocean_menu_typo_font_weight_mobile":"","ocean_menu_typo_transform":"","ocean_menu_typo_transform_tablet":"","ocean_menu_typo_transform_mobile":"","ocean_menu_typo_line_height":0,"ocean_menu_typo_line_height_tablet":0,"ocean_menu_typo_line_height_mobile":0,"ocean_menu_typo_line_height_unit":"","ocean_menu_typo_spacing":0,"ocean_menu_typo_spacing_tablet":0,"ocean_menu_typo_spacing_mobile":0,"ocean_menu_typo_spacing_unit":"","ocean_menu_link_color":"","ocean_menu_link_color_hover":"","ocean_menu_link_color_active":"","ocean_menu_link_background":"","ocean_menu_link_hover_background":"","ocean_menu_link_active_background":"","ocean_menu_social_links_bg":"","ocean_menu_social_hover_links_bg":"","ocean_menu_social_links_color":"","ocean_menu_social_hover_links_color":"","ocean_disable_title":"default","ocean_disable_heading":"default","ocean_post_title":"","ocean_post_subheading":"","ocean_post_title_style":"","ocean_post_title_background_color":"","ocean_post_title_background":0,"ocean_post_title_bg_image_position":"","ocean_post_title_bg_image_attachment":"","ocean_post_title_bg_image_repeat":"","ocean_post_title_bg_image_size":"","ocean_post_title_height":0,"ocean_post_title_bg_overlay":0.5,"ocean_post_title_bg_overlay_color":"","ocean_disable_breadcrumbs":"default","ocean_breadcrumbs_color":"","ocean_breadcrumbs_separator_color":"","ocean_breadcrumbs_links_color":"","ocean_breadcrumbs_links_hover_color":"","ocean_display_footer_widgets":"default","ocean_display_footer_bottom":"default","ocean_custom_footer_template":"","footnotes":""},"class_list":["post-1140","page","type-page","status-publish","hentry","entry"],"_links":{"self":[{"href":"https:\/\/descomplicalife.com\/fr\/wp-json\/wp\/v2\/pages\/1140","targetHints":{"allow":["GET"]}}],"collection":[{"href":"https:\/\/descomplicalife.com\/fr\/wp-json\/wp\/v2\/pages"}],"about":[{"href":"https:\/\/descomplicalife.com\/fr\/wp-json\/wp\/v2\/types\/page"}],"author":[{"embeddable":true,"href":"https:\/\/descomplicalife.com\/fr\/wp-json\/wp\/v2\/users\/1"}],"replies":[{"embeddable":true,"href":"https:\/\/descomplicalife.com\/fr\/wp-json\/wp\/v2\/comments?post=1140"}],"version-history":[{"count":0,"href":"https:\/\/descomplicalife.com\/fr\/wp-json\/wp\/v2\/pages\/1140\/revisions"}],"wp:attachment":[{"href":"https:\/\/descomplicalife.com\/fr\/wp-json\/wp\/v2\/media?parent=1140"}],"curies":[{"name":"wp","href":"https:\/\/api.w.org\/{rel}","templated":true}]}}