{"id":843,"date":"2024-04-05T22:17:50","date_gmt":"2024-04-05T22:17:50","guid":{"rendered":"https:\/\/descomplicalife.com\/?page_id=843"},"modified":"2024-07-12T12:31:50","modified_gmt":"2024-07-12T15:31:50","slug":"termos-de-uso","status":"publish","type":"page","link":"https:\/\/descomplicalife.com\/fr\/conditions-dutilisation\/","title":{"rendered":"Conditions d'utilisation"},"content":{"rendered":"<p><strong>Conditions d'utilisation de Descomplica Life<\/strong><\/p>\n<p>Date d'entr\u00e9e en vigueur : 02 f\u00e9vrier 2024<\/p>\n<p><strong>1. Acceptation des conditions<\/strong><\/p>\n<p>Lors de l'acc\u00e8s et de l'utilisation du site web de Descomplica Life (<a href=\"https:\/\/descomplicalife.com\/fr\/\" target=\"_new\" rel=\"noopener\">https:\/\/descomplicalife.com\/<\/a>), vous acceptez d'\u00eatre li\u00e9 par les pr\u00e9sentes conditions d'utilisation (\"conditions\") et par notre politique de confidentialit\u00e9, qui y est incorpor\u00e9e par r\u00e9f\u00e9rence. Si vous n'\u00eates pas d'accord avec une quelconque partie des conditions, vous ne devez pas utiliser ou acc\u00e9der \u00e0 ce site web.<\/p>\n<p><strong>2. Modifications des conditions<\/strong><\/p>\n<p>Izzoto Ads se r\u00e9serve le droit, \u00e0 sa seule discr\u00e9tion, de modifier ou de remplacer ces conditions \u00e0 tout moment. Si les changements constituent une modification mat\u00e9rielle des conditions, nous vous en informerons par le biais d'une annonce sur notre site web. Ce qui constitue une \"modification substantielle\" sera d\u00e9termin\u00e9 \u00e0 notre seule discr\u00e9tion, en toute bonne foi et en faisant preuve de bon sens et d'un jugement raisonnable.<\/p>\n<p><strong>3. Acc\u00e8s au site<\/strong><\/p>\n<p>A. Les Izzoto Ads vous accordent une licence limit\u00e9e pour acc\u00e9der et utiliser le site web pour votre usage personnel et non commercial. B. Cette licence ne comprend pas la revente ou l'utilisation commerciale du site ou de son contenu, la collecte et l'utilisation des listes de produits, des descriptions ou des prix, l'utilisation d\u00e9riv\u00e9e du site ou de son contenu, le t\u00e9l\u00e9chargement ou la copie des informations de compte au profit d'un autre commer\u00e7ant, ou l'utilisation d'outils d'exploration de donn\u00e9es, de robots ou d'outils similaires de collecte et d'extraction de donn\u00e9es.<\/p>\n<p><strong>4. Droits de propri\u00e9t\u00e9 intellectuelle<\/strong><\/p>\n<p>Tout le contenu fourni sur Descomplica Life, y compris, mais sans s'y limiter, le texte, les graphiques, les logos, les ic\u00f4nes de boutons, les images, les clips audio, les t\u00e9l\u00e9chargements num\u00e9riques, les compilations de donn\u00e9es et les logiciels, est la propri\u00e9t\u00e9 d'Izzoto Ads ou de ses fournisseurs de contenu et est prot\u00e9g\u00e9 par les lois internationales et br\u00e9siliennes sur les droits d'auteur.<\/p>\n<p><strong>5. Utilisation interdite<\/strong><\/p>\n<p>Vous acceptez de ne pas utiliser le site web de mani\u00e8re \u00e0 :<\/p>\n<p>A. Violer toute loi locale, nationale ou internationale applicable. B. Enfreindre les droits de propri\u00e9t\u00e9 intellectuelle des annonces Izzoto ou de tiers. C. Harceler, abuser, insulter, blesser, diffamer, calomnier, d\u00e9nigrer, intimider ou discriminer sur la base du sexe, de l'orientation sexuelle, de la religion, de l'appartenance ethnique, de la race, de l'\u00e2ge, de l'origine nationale ou d'un handicap. D. Fournir des informations fausses ou trompeuses. E. T\u00e9l\u00e9charger ou transmettre des virus ou tout autre type de code malveillant. F. Collecter ou suivre les informations personnelles d'autrui.<\/p>\n<p><strong>6. Contributions des utilisateurs<\/strong><\/p>\n<p>A. Le site peut vous permettre de soumettre des commentaires, de participer \u00e0 des discussions ou de contribuer au contenu d'une mani\u00e8re ou d'une autre. En apportant une contribution, vous d\u00e9clarez que vous avez le droit de mettre le contenu \u00e0 disposition et qu'il ne viole pas les droits de tiers ou les lois applicables.<\/p>\n<p>B. En publiant du contenu, vous accordez aux Izzoto Ads une licence mondiale, perp\u00e9tuelle, irr\u00e9vocable, non exclusive, pouvant faire l'objet d'une sous-licence et libre de redevance pour utiliser, reproduire, modifier, adapter, publier, traduire, cr\u00e9er des \u0153uvres d\u00e9riv\u00e9es, distribuer, ex\u00e9cuter et afficher ce contenu dans n'importe quel m\u00e9dia.<\/p>\n<p><strong>7. Clause de non-responsabilit\u00e9 et limitation de la responsabilit\u00e9<\/strong><\/p>\n<p>Izzoto Ads ne garantit pas l'exactitude, l'exhaustivit\u00e9 ou l'utilit\u00e9 des informations pr\u00e9sent\u00e9es sur le site. Tout le contenu est fourni \"en l'\u00e9tat\" sans garantie d'aucune sorte. Izzoto Ads, ses affili\u00e9s ou ses fournisseurs de contenu ne peuvent \u00eatre tenus responsables des dommages de toute nature r\u00e9sultant de l'utilisation du site ou de l'impossibilit\u00e9 d'utiliser le site.<\/p>\n<p><strong>8. Droit applicable et juridiction<\/strong><\/p>\n<p>Les pr\u00e9sentes conditions sont r\u00e9gies et interpr\u00e9t\u00e9es conform\u00e9ment au droit br\u00e9silien, sans tenir compte des principes de conflit de lois. Tout litige d\u00e9coulant des pr\u00e9sentes conditions sera r\u00e9gl\u00e9 par les tribunaux situ\u00e9s \u00e0 S\u00e3o Paulo, au Br\u00e9sil.<\/p>\n<p><strong>9. Contact<\/strong><\/p>\n<p>Pour toute question relative aux pr\u00e9sentes conditions d'utilisation, veuillez nous contacter \u00e0 l'adresse suivante : <strong><a href=\"mailto:help@izzotodigital.com.br\">help@izzotodigital.com.br<\/a><\/strong>.<\/p>\n<p><strong>10. Reconnaissance<\/strong><\/p>\n<p>En utilisant le site Descomplica Life, vous reconnaissez avoir lu et compris les pr\u00e9sentes conditions d'utilisation et acceptez d'\u00eatre li\u00e9 par elles.<\/p>","protected":false},"excerpt":{"rendered":"<p>Termos de Uso do Descomplica Life Data de efetividade: 02 de fevereiro de 2024 1. Aceita\u00e7\u00e3o dos Termos Ao acessar e usar o site Descomplica Life (https:\/\/descomplicalife.com\/), voc\u00ea aceita e concorda estar vinculado por estes Termos de Uso (&#8220;Termos&#8221;) e pela nossa Pol\u00edtica de Privacidade, incorporada aqui por refer\u00eancia. Se voc\u00ea n\u00e3o concorda com qualquer [&hellip;]<\/p>","protected":false},"author":1,"featured_media":0,"parent":0,"menu_order":0,"comment_status":"closed","ping_status":"closed","template":"","meta":{"ocean_post_layout":"","ocean_both_sidebars_style":"","ocean_both_sidebars_content_width":0,"ocean_both_sidebars_sidebars_width":0,"ocean_sidebar":"","ocean_second_sidebar":"","ocean_disable_margins":"enable","ocean_add_body_class":"","ocean_shortcode_before_top_bar":"","ocean_shortcode_after_top_bar":"","ocean_shortcode_before_header":"","ocean_shortcode_after_header":"","ocean_has_shortcode":"","ocean_shortcode_after_title":"","ocean_shortcode_before_footer_widgets":"","ocean_shortcode_after_footer_widgets":"","ocean_shortcode_before_footer_bottom":"","ocean_shortcode_after_footer_bottom":"","ocean_display_top_bar":"default","ocean_display_header":"default","ocean_header_style":"","ocean_center_header_left_menu":"","ocean_custom_header_template":"","ocean_custom_logo":0,"ocean_custom_retina_logo":0,"ocean_custom_logo_max_width":0,"ocean_custom_logo_tablet_max_width":0,"ocean_custom_logo_mobile_max_width":0,"ocean_custom_logo_max_height":0,"ocean_custom_logo_tablet_max_height":0,"ocean_custom_logo_mobile_max_height":0,"ocean_header_custom_menu":"","ocean_menu_typo_font_family":"","ocean_menu_typo_font_subset":"","ocean_menu_typo_font_size":0,"ocean_menu_typo_font_size_tablet":0,"ocean_menu_typo_font_size_mobile":0,"ocean_menu_typo_font_size_unit":"px","ocean_menu_typo_font_weight":"","ocean_menu_typo_font_weight_tablet":"","ocean_menu_typo_font_weight_mobile":"","ocean_menu_typo_transform":"","ocean_menu_typo_transform_tablet":"","ocean_menu_typo_transform_mobile":"","ocean_menu_typo_line_height":0,"ocean_menu_typo_line_height_tablet":0,"ocean_menu_typo_line_height_mobile":0,"ocean_menu_typo_line_height_unit":"","ocean_menu_typo_spacing":0,"ocean_menu_typo_spacing_tablet":0,"ocean_menu_typo_spacing_mobile":0,"ocean_menu_typo_spacing_unit":"","ocean_menu_link_color":"","ocean_menu_link_color_hover":"","ocean_menu_link_color_active":"","ocean_menu_link_background":"","ocean_menu_link_hover_background":"","ocean_menu_link_active_background":"","ocean_menu_social_links_bg":"","ocean_menu_social_hover_links_bg":"","ocean_menu_social_links_color":"","ocean_menu_social_hover_links_color":"","ocean_disable_title":"default","ocean_disable_heading":"default","ocean_post_title":"","ocean_post_subheading":"","ocean_post_title_style":"","ocean_post_title_background_color":"","ocean_post_title_background":0,"ocean_post_title_bg_image_position":"","ocean_post_title_bg_image_attachment":"","ocean_post_title_bg_image_repeat":"","ocean_post_title_bg_image_size":"","ocean_post_title_height":0,"ocean_post_title_bg_overlay":0.5,"ocean_post_title_bg_overlay_color":"","ocean_disable_breadcrumbs":"default","ocean_breadcrumbs_color":"","ocean_breadcrumbs_separator_color":"","ocean_breadcrumbs_links_color":"","ocean_breadcrumbs_links_hover_color":"","ocean_display_footer_widgets":"default","ocean_display_footer_bottom":"default","ocean_custom_footer_template":"","footnotes":""},"class_list":["post-843","page","type-page","status-publish","hentry","entry"],"_links":{"self":[{"href":"https:\/\/descomplicalife.com\/fr\/wp-json\/wp\/v2\/pages\/843","targetHints":{"allow":["GET"]}}],"collection":[{"href":"https:\/\/descomplicalife.com\/fr\/wp-json\/wp\/v2\/pages"}],"about":[{"href":"https:\/\/descomplicalife.com\/fr\/wp-json\/wp\/v2\/types\/page"}],"author":[{"embeddable":true,"href":"https:\/\/descomplicalife.com\/fr\/wp-json\/wp\/v2\/users\/1"}],"replies":[{"embeddable":true,"href":"https:\/\/descomplicalife.com\/fr\/wp-json\/wp\/v2\/comments?post=843"}],"version-history":[{"count":0,"href":"https:\/\/descomplicalife.com\/fr\/wp-json\/wp\/v2\/pages\/843\/revisions"}],"wp:attachment":[{"href":"https:\/\/descomplicalife.com\/fr\/wp-json\/wp\/v2\/media?parent=843"}],"curies":[{"name":"wp","href":"https:\/\/api.w.org\/{rel}","templated":true}]}}