{"id":847,"date":"2024-04-09T15:05:51","date_gmt":"2024-04-09T15:05:51","guid":{"rendered":"https:\/\/descomplicalife.com\/?page_id=847"},"modified":"2024-04-09T15:05:51","modified_gmt":"2024-04-09T15:05:51","slug":"sobre-nos","status":"publish","type":"page","link":"https:\/\/descomplicalife.com\/fr\/a-propos-de-nous\/","title":{"rendered":"A propos de nous"},"content":{"rendered":"<p><strong>Bienvenue \u00e0 DESCOMPLICALIFE.COM<br \/>\n<\/strong><br \/>\nDans le monde tr\u00e9pidant d'aujourd'hui, avec ses options et ses choix sans fin, trouver des informations claires et fiables peut \u00eatre un d\u00e9fi. C'est dans cet esprit qu'est n\u00e9 DescomplicaLife, un blog d\u00e9di\u00e9 \u00e0 d\u00e9m\u00ealer les fils complexes des sujets les plus populaires d'aujourd'hui : les voitures, les pr\u00eats et les applications. Mais comment en sommes-nous arriv\u00e9s l\u00e0 ? La r\u00e9ponse se trouve dans le parcours d'un r\u00eaveur, d'un visionnaire, qui a compris que la vraie libert\u00e9 vient de la connaissance.<\/p>\n<p><strong>Nos racines<\/strong><\/p>\n<p>Tout a commenc\u00e9 par une passion. Notre fondateur, un passionn\u00e9 de technologie et d'automobile, s'est trouv\u00e9 frustr\u00e9 par le manque d'informations accessibles et fiables sur les voitures, le financement et les technologies d'application en plein essor. Chaque recherche soulevait de nouvelles questions et chaque r\u00e9ponse conduisait \u00e0 un nouveau labyrinthe d'informations. C'est alors qu'il a eu une id\u00e9e brillante : cr\u00e9er un espace o\u00f9 toutes ces informations pourraient \u00eatre simplifi\u00e9es, un endroit o\u00f9 les personnes int\u00e9ress\u00e9es pourraient trouver tout ce qu'elles ont besoin de savoir d'une mani\u00e8re claire, concise et fiable. C'est ainsi qu'est n\u00e9e DescomplicaLife.<\/p>\n<p><strong>\u00c0 propos des voitures : la passion sur quatre roues<\/strong><\/p>\n<p>Notre section automobile est aliment\u00e9e par une passion br\u00fblante pour tout ce qui touche \u00e0 l'automobile. Vous y trouverez tout, des analyses approfondies des derniers lancements aux conseils pour l'entretien de votre v\u00e9hicule. Notre objectif ? Vous aider \u00e0 prendre des d\u00e9cisions \u00e9clair\u00e9es, qu'il s'agisse d'acheter une nouvelle voiture, de choisir la bonne assurance ou simplement d'en savoir plus sur le monde de l'automobile. Nos experts parcourent le march\u00e9, testent les v\u00e9hicules et partagent leurs exp\u00e9riences, afin de vous fournir les informations les plus pr\u00e9cises et les plus r\u00e9centes.<\/p>\n<p><strong>Pr\u00eats : D\u00e9mystifier la finance<\/strong><\/p>\n<p>Chez DescomplicaLife, nous comprenons que parler d'argent peut \u00eatre compliqu\u00e9. C'est pourquoi nous avons consacr\u00e9 une section enti\u00e8re de notre blog \u00e0 d\u00e9mystifier le monde des pr\u00eats. Que vous soyez un entrepreneur \u00e0 la recherche de capital pour d\u00e9velopper votre entreprise ou quelqu'un qui a besoin d'un pr\u00eat personnel pour r\u00e9aliser un r\u00eave, nous sommes l\u00e0 pour vous aider. Nos articles traitent de tous les sujets, des principes de base des pr\u00eats aux strat\u00e9gies de n\u00e9gociation des taux, en passant par le choix des meilleures options de financement. Avec notre aide, le bon pr\u00eat est \u00e0 votre port\u00e9e.<\/p>\n<p><strong>Apps : la technologie qui simplifie la vie<\/strong><\/p>\n<p>\u00c0 une \u00e9poque domin\u00e9e par la technologie, les applications sont devenues nos fid\u00e8les \u00e9cuyers. Mais avec les millions d'applications disponibles, comment choisir celles qui en valent vraiment la peine ? La section des applications de DescomplicaLife est votre phare dans la mer de l'App Store et de Google Play. Ici, nous mettons en \u00e9vidence les applications qui font vraiment la diff\u00e9rence, des outils de productivit\u00e9 aux meilleurs jeux de relaxation. Nos critiques sont honn\u00eates et directes, vous aidant \u00e0 d\u00e9couvrir de nouvelles fa\u00e7ons d'enrichir votre vie num\u00e9rique.<\/p>\n<p><strong>Notre mission<\/strong><\/p>\n<p>Chez DescomplicaLife, notre mission est claire : fournir des informations claires, pr\u00e9cises et accessibles sur les voitures, les pr\u00eats et les applications. Nous voulons que vous vous sentiez responsabilis\u00e9, inform\u00e9 et pr\u00eat \u00e0 prendre les meilleures d\u00e9cisions pour votre vie. Notre blog est plus qu'une source d'information ; c'est une communaut\u00e9 d'individus curieux et passionn\u00e9s, qui cherchent tous \u00e0 simplifier la vie, un article de blog \u00e0 la fois.<\/p>\n<p>&nbsp;<\/p>\n<p>Profitez de tout ce que nous avons \u00e0 offrir sur notre site web et faites appel \u00e0 un mentor pour choisir les meilleures options financi\u00e8res, les candidatures et bien d'autres choses encore pour vous aider \u00e0 prendre votre d\u00e9cision. Bonne lecture !<\/p>","protected":false},"excerpt":{"rendered":"<p>Seja bem vindo ao DESCOMPLICALIFE.COM No mundo agitado de hoje, com suas infinitas op\u00e7\u00f5es e escolhas, encontrar informa\u00e7\u00f5es claras e confi\u00e1veis pode ser um desafio. Foi pensando nisso que nasceu a DescomplicaLife, um blog dedicado a desembara\u00e7ar os fios complexos dos temas mais procurados da atualidade: carros, empr\u00e9stimos e aplicativos. Mas como chegamos aqui? A [&hellip;]<\/p>","protected":false},"author":1,"featured_media":0,"parent":0,"menu_order":0,"comment_status":"closed","ping_status":"closed","template":"","meta":{"ocean_post_layout":"","ocean_both_sidebars_style":"","ocean_both_sidebars_content_width":0,"ocean_both_sidebars_sidebars_width":0,"ocean_sidebar":"","ocean_second_sidebar":"","ocean_disable_margins":"enable","ocean_add_body_class":"","ocean_shortcode_before_top_bar":"","ocean_shortcode_after_top_bar":"","ocean_shortcode_before_header":"","ocean_shortcode_after_header":"","ocean_has_shortcode":"","ocean_shortcode_after_title":"","ocean_shortcode_before_footer_widgets":"","ocean_shortcode_after_footer_widgets":"","ocean_shortcode_before_footer_bottom":"","ocean_shortcode_after_footer_bottom":"","ocean_display_top_bar":"default","ocean_display_header":"default","ocean_header_style":"","ocean_center_header_left_menu":"","ocean_custom_header_template":"","ocean_custom_logo":0,"ocean_custom_retina_logo":0,"ocean_custom_logo_max_width":0,"ocean_custom_logo_tablet_max_width":0,"ocean_custom_logo_mobile_max_width":0,"ocean_custom_logo_max_height":0,"ocean_custom_logo_tablet_max_height":0,"ocean_custom_logo_mobile_max_height":0,"ocean_header_custom_menu":"","ocean_menu_typo_font_family":"","ocean_menu_typo_font_subset":"","ocean_menu_typo_font_size":0,"ocean_menu_typo_font_size_tablet":0,"ocean_menu_typo_font_size_mobile":0,"ocean_menu_typo_font_size_unit":"px","ocean_menu_typo_font_weight":"","ocean_menu_typo_font_weight_tablet":"","ocean_menu_typo_font_weight_mobile":"","ocean_menu_typo_transform":"","ocean_menu_typo_transform_tablet":"","ocean_menu_typo_transform_mobile":"","ocean_menu_typo_line_height":0,"ocean_menu_typo_line_height_tablet":0,"ocean_menu_typo_line_height_mobile":0,"ocean_menu_typo_line_height_unit":"","ocean_menu_typo_spacing":0,"ocean_menu_typo_spacing_tablet":0,"ocean_menu_typo_spacing_mobile":0,"ocean_menu_typo_spacing_unit":"","ocean_menu_link_color":"","ocean_menu_link_color_hover":"","ocean_menu_link_color_active":"","ocean_menu_link_background":"","ocean_menu_link_hover_background":"","ocean_menu_link_active_background":"","ocean_menu_social_links_bg":"","ocean_menu_social_hover_links_bg":"","ocean_menu_social_links_color":"","ocean_menu_social_hover_links_color":"","ocean_disable_title":"default","ocean_disable_heading":"default","ocean_post_title":"","ocean_post_subheading":"","ocean_post_title_style":"","ocean_post_title_background_color":"","ocean_post_title_background":0,"ocean_post_title_bg_image_position":"","ocean_post_title_bg_image_attachment":"","ocean_post_title_bg_image_repeat":"","ocean_post_title_bg_image_size":"","ocean_post_title_height":0,"ocean_post_title_bg_overlay":0.5,"ocean_post_title_bg_overlay_color":"","ocean_disable_breadcrumbs":"default","ocean_breadcrumbs_color":"","ocean_breadcrumbs_separator_color":"","ocean_breadcrumbs_links_color":"","ocean_breadcrumbs_links_hover_color":"","ocean_display_footer_widgets":"default","ocean_display_footer_bottom":"default","ocean_custom_footer_template":"","footnotes":""},"class_list":["post-847","page","type-page","status-publish","hentry","entry"],"_links":{"self":[{"href":"https:\/\/descomplicalife.com\/fr\/wp-json\/wp\/v2\/pages\/847","targetHints":{"allow":["GET"]}}],"collection":[{"href":"https:\/\/descomplicalife.com\/fr\/wp-json\/wp\/v2\/pages"}],"about":[{"href":"https:\/\/descomplicalife.com\/fr\/wp-json\/wp\/v2\/types\/page"}],"author":[{"embeddable":true,"href":"https:\/\/descomplicalife.com\/fr\/wp-json\/wp\/v2\/users\/1"}],"replies":[{"embeddable":true,"href":"https:\/\/descomplicalife.com\/fr\/wp-json\/wp\/v2\/comments?post=847"}],"version-history":[{"count":0,"href":"https:\/\/descomplicalife.com\/fr\/wp-json\/wp\/v2\/pages\/847\/revisions"}],"wp:attachment":[{"href":"https:\/\/descomplicalife.com\/fr\/wp-json\/wp\/v2\/media?parent=847"}],"curies":[{"name":"wp","href":"https:\/\/api.w.org\/{rel}","templated":true}]}}