{"id":1028,"date":"2020-05-14T00:05:26","date_gmt":"2020-05-14T00:05:26","guid":{"rendered":"https:\/\/descomplicalife.com\/?page_id=2"},"modified":"2024-07-12T13:15:25","modified_gmt":"2024-07-12T16:15:25","slug":"fale-conosco","status":"publish","type":"page","link":"https:\/\/descomplicalife.com\/it\/contattaci\/","title":{"rendered":"Contattateci"},"content":{"rendered":"<p><strong>Contattateci<\/strong><\/p>\n<p>Il team di Descomplica Life \u00e8 sempre pronto ad ascoltarvi! Se avete domande, suggerimenti o semplicemente volete condividere la vostra opinione sugli argomenti che trattiamo, non esitate a contattarci. Apprezziamo molto il feedback dei nostri lettori e siamo qui per aiutarvi in ogni modo possibile.<\/p>\n<p><strong>Contattateci direttamente:<\/strong><\/p>\n<ul>\n<li><strong>E-mail:<\/strong> Per richieste generali, partnership o supporto ai lettori, inviare un'e-mail a <a href=\"mailto:help@izzotodigital.com.br\"><strong>help@izzotodigital.com.br<\/strong><\/a>. Ci impegniamo a rispondere a tutte le e-mail entro 48 ore.<\/li>\n<\/ul>\n<p><strong>Venite a trovarci:<\/strong><\/p>\n<ul>\n<li><strong>Indirizzo:<\/strong> Se vi trovate a San Paolo e desiderate parlare con noi di persona, siamo a San Paolo - SP, Brasile. Per motivi di sicurezza e per potervi offrire la migliore esperienza possibile, vi chiediamo di prenotare la vostra visita via e-mail.<\/li>\n<\/ul>\n<p><strong>Collegatevi con noi sui social media:<\/strong><\/p>\n<p>Siamo presenti sui principali social network per portarvi notizie, suggerimenti e interagire con la nostra comunit\u00e0. Seguiteci per essere sempre aggiornati su tutto ci\u00f2 che accade nel mondo delle app, dei lavori e delle notizie rilevanti.<\/p>\n<ul>\n<li><strong>Instagram, Twitter, Facebook:<\/strong> <a href=\"https:\/\/www.instagram.com\/izzotodigital\" target=\"_new\" rel=\"noopener\">@izzotodigital<\/a><\/li>\n<\/ul>\n<p><strong>Modulo di contatto:<\/strong><\/p>\n<p>Per comodit\u00e0, potete anche utilizzare il nostro modulo di contatto direttamente sulla pagina. Inserite i vostri dati e il vostro messaggio e vi risponderemo al pi\u00f9 presto.<\/p>\n<p>Che si tratti di rispondere a domande, offrire suggerimenti o qualsiasi altro tipo di interazione, il vostro messaggio \u00e8 molto importante per noi. Il team di Descomplica Life vi ringrazia per il vostro contatto e interesse. Non vediamo l'ora di sentirvi!<\/p>","protected":false},"excerpt":{"rendered":"<p>Fale Conosco A equipe do Descomplica Life est\u00e1 sempre pronta para ouvir voc\u00ea! Se voc\u00ea tem perguntas, sugest\u00f5es, ou simplesmente quer compartilhar sua opini\u00e3o sobre os temas que abordamos, n\u00e3o hesite em entrar em contato. Valorizamos muito o feedback dos nossos leitores e estamos aqui para ajudar no que for poss\u00edvel. Entre em Contato Diretamente: [&hellip;]<\/p>","protected":false},"author":1,"featured_media":0,"parent":0,"menu_order":0,"comment_status":"closed","ping_status":"open","template":"","meta":{"ocean_post_layout":"","ocean_both_sidebars_style":"","ocean_both_sidebars_content_width":0,"ocean_both_sidebars_sidebars_width":0,"ocean_sidebar":"","ocean_second_sidebar":"","ocean_disable_margins":"enable","ocean_add_body_class":"","ocean_shortcode_before_top_bar":"","ocean_shortcode_after_top_bar":"","ocean_shortcode_before_header":"","ocean_shortcode_after_header":"","ocean_has_shortcode":"","ocean_shortcode_after_title":"","ocean_shortcode_before_footer_widgets":"","ocean_shortcode_after_footer_widgets":"","ocean_shortcode_before_footer_bottom":"","ocean_shortcode_after_footer_bottom":"","ocean_display_top_bar":"default","ocean_display_header":"default","ocean_header_style":"","ocean_center_header_left_menu":"","ocean_custom_header_template":"","ocean_custom_logo":0,"ocean_custom_retina_logo":0,"ocean_custom_logo_max_width":0,"ocean_custom_logo_tablet_max_width":0,"ocean_custom_logo_mobile_max_width":0,"ocean_custom_logo_max_height":0,"ocean_custom_logo_tablet_max_height":0,"ocean_custom_logo_mobile_max_height":0,"ocean_header_custom_menu":"","ocean_menu_typo_font_family":"","ocean_menu_typo_font_subset":"","ocean_menu_typo_font_size":0,"ocean_menu_typo_font_size_tablet":0,"ocean_menu_typo_font_size_mobile":0,"ocean_menu_typo_font_size_unit":"px","ocean_menu_typo_font_weight":"","ocean_menu_typo_font_weight_tablet":"","ocean_menu_typo_font_weight_mobile":"","ocean_menu_typo_transform":"","ocean_menu_typo_transform_tablet":"","ocean_menu_typo_transform_mobile":"","ocean_menu_typo_line_height":0,"ocean_menu_typo_line_height_tablet":0,"ocean_menu_typo_line_height_mobile":0,"ocean_menu_typo_line_height_unit":"","ocean_menu_typo_spacing":0,"ocean_menu_typo_spacing_tablet":0,"ocean_menu_typo_spacing_mobile":0,"ocean_menu_typo_spacing_unit":"","ocean_menu_link_color":"","ocean_menu_link_color_hover":"","ocean_menu_link_color_active":"","ocean_menu_link_background":"","ocean_menu_link_hover_background":"","ocean_menu_link_active_background":"","ocean_menu_social_links_bg":"","ocean_menu_social_hover_links_bg":"","ocean_menu_social_links_color":"","ocean_menu_social_hover_links_color":"","ocean_disable_title":"default","ocean_disable_heading":"default","ocean_post_title":"","ocean_post_subheading":"","ocean_post_title_style":"","ocean_post_title_background_color":"","ocean_post_title_background":0,"ocean_post_title_bg_image_position":"","ocean_post_title_bg_image_attachment":"","ocean_post_title_bg_image_repeat":"","ocean_post_title_bg_image_size":"","ocean_post_title_height":0,"ocean_post_title_bg_overlay":0.5,"ocean_post_title_bg_overlay_color":"","ocean_disable_breadcrumbs":"default","ocean_breadcrumbs_color":"","ocean_breadcrumbs_separator_color":"","ocean_breadcrumbs_links_color":"","ocean_breadcrumbs_links_hover_color":"","ocean_display_footer_widgets":"default","ocean_display_footer_bottom":"default","ocean_custom_footer_template":"","footnotes":""},"class_list":["post-1028","page","type-page","status-publish","hentry","entry"],"_links":{"self":[{"href":"https:\/\/descomplicalife.com\/it\/wp-json\/wp\/v2\/pages\/1028","targetHints":{"allow":["GET"]}}],"collection":[{"href":"https:\/\/descomplicalife.com\/it\/wp-json\/wp\/v2\/pages"}],"about":[{"href":"https:\/\/descomplicalife.com\/it\/wp-json\/wp\/v2\/types\/page"}],"author":[{"embeddable":true,"href":"https:\/\/descomplicalife.com\/it\/wp-json\/wp\/v2\/users\/1"}],"replies":[{"embeddable":true,"href":"https:\/\/descomplicalife.com\/it\/wp-json\/wp\/v2\/comments?post=1028"}],"version-history":[{"count":0,"href":"https:\/\/descomplicalife.com\/it\/wp-json\/wp\/v2\/pages\/1028\/revisions"}],"wp:attachment":[{"href":"https:\/\/descomplicalife.com\/it\/wp-json\/wp\/v2\/media?parent=1028"}],"curies":[{"name":"wp","href":"https:\/\/api.w.org\/{rel}","templated":true}]}}