{"id":1140,"date":"2024-08-14T14:51:17","date_gmt":"2024-08-14T17:51:17","guid":{"rendered":"https:\/\/descomplicalife.com\/?page_id=1140"},"modified":"2024-10-25T20:19:15","modified_gmt":"2024-10-25T23:19:15","slug":"instalar-aplicativo-para-assistir-filmes-e-series-no-celular","status":"publish","type":"page","link":"https:\/\/descomplicalife.com\/it\/installare-unapplicazione-per-guardare-film-e-serie-sul-cellulare\/","title":{"rendered":"Installate un'applicazione per guardare film e serie sul vostro cellulare"},"content":{"rendered":"<h2>App di osservazione gratuita<\/h2>\n<p style=\"font-size: 8px; text-transform: uppercase; text-align: center;\">\n            Pubblicit\u00e0\n        <\/p>\n<p>\t\t<\/p>\n<p>Abbiamo creato un manuale per aiutarvi a trovare una <strong>app per guardare film e serie<\/strong> sul vostro cellulare. Godetevi i vostri film o le vostre serie preferite direttamente dal vostro dispositivo mobile. I migliori<strong> applicazioni per lo streaming di film e serie.<\/strong><\/p>\n<h2>VOLETE GUARDARLO SUL VOSTRO CELLULARE?<\/h2>\n<p>\t\t\t<a href=\"https:\/\/descomplicalife.com\/it\/come-guardare-film-e-serie-sul-tuo-cellulare\/\"><br \/>\n\t\t\t\t\t\t\t\t\tS\u00cc<br \/>\n\t\t\t\t\t<\/a><br \/>\n\t\t\t<a href=\"https:\/\/descomplicalife.com\/it\/come-guardare-film-e-serie-sul-tuo-cellulare\/\"><br \/>\n\t\t\t\t\t\t\t\t\tNO<br \/>\n\t\t\t\t\t<\/a><\/p>\n<h2>Rimarrete su questo sito<\/h2>\n<h1>Applicazioni per guardare film e serie sul cellulare<\/h1>\n<p>Al giorno d'oggi, guardare film e serie sul cellulare \u00e8 diventata una delle forme di intrattenimento pi\u00f9 convenienti. Con il progresso della tecnologia e la diffusione degli smartphone, possiamo accedere a una pletora di contenuti direttamente nel palmo della nostra mano. Che sia per ammazzare il tempo in coda o per rilassarsi a fine giornata, queste app sono diventate indispensabili per gli amanti del cinema e della TV. In questo articolo esploreremo le migliori app per guardare film e serie sul cellulare, come scaricarle e installarle e quali sono le loro caratteristiche principali.<\/p>\n<h3>1. Netflix: il gigante dello streaming<\/h3>\n<p>Non si pu\u00f2 parlare di applicazioni per guardare film e serie senza menzionare Netflix. Questa applicazione \u00e8 senza dubbio una delle pi\u00f9 popolari e utilizzate al mondo. Dal suo lancio, Netflix ha rivoluzionato il modo di consumare contenuti audiovisivi, offrendo una vasta libreria di film, serie, documentari e produzioni originali che hanno conquistato milioni di utenti.<\/p>\n<h4>Caratteristiche principali<\/h4>\n<p>Netflix si distingue per la sua interfaccia intuitiva, che consente agli utenti di navigare facilmente tra diversi generi e categorie. Inoltre, l'applicazione offre raccomandazioni personalizzate basate sui contenuti visti in precedenza, rendendo pi\u00f9 facile la scoperta di nuovi titoli. Un altro punto di forza \u00e8 la possibilit\u00e0 di scaricare film e serie da guardare offline, una funzione essenziale per chi vuole risparmiare dati mobili o non ha accesso a Internet per un certo periodo.<\/p>\n<h4>Come scaricare e installare<\/h4>\n<p>Per scaricare l'applicazione Netflix, basta andare nel negozio di applicazioni del proprio cellulare, Google Play Store per Android o App Store per iOS, cercare \"Netflix\" e cliccare su \"Download\". Una volta scaricata, il processo di installazione \u00e8 automatico. Una volta installata, \u00e8 sufficiente aprire l'app, effettuare il login o creare un account e iniziare a esplorare il vasto catalogo.<\/p>\n<h4>Vantaggi di Netflix<\/h4>\n<p>Uno dei grandi vantaggi di Netflix \u00e8 il costante aggiornamento del suo catalogo, con l'aggiunta regolare di nuovi contenuti. Inoltre, la piattaforma supporta pi\u00f9 dispositivi, consentendo di iniziare un film sul cellulare e di continuare a guardarlo sul televisore o sul tablet. La qualit\u00e0 dello streaming \u00e8 un altro punto a favore, con il supporto dell'HD e del 4K, a seconda dell'abbonamento e del dispositivo.<\/p>\n<h3>2. Amazon Prime Video: Contenuti esclusivi e prezzi convenienti<\/h3>\n<p>Un altro gigante dello streaming che vale la pena menzionare \u00e8 Amazon Prime Video. La piattaforma \u00e8 cresciuta notevolmente negli ultimi anni, soprattutto grazie alla produzione di contenuti originali di alta qualit\u00e0. Per chi \u00e8 gi\u00e0 abbonato al servizio Amazon Prime, l'accesso a Prime Video \u00e8 un bonus aggiuntivo che lo rende ancora pi\u00f9 interessante.<\/p>\n<h4>Caratteristiche principali<\/h4>\n<p>Amazon Prime Video offre un'interfaccia facile da usare, con varie categorie e suggerimenti in base alle preferenze dell'utente. Come Netflix, l'applicazione consente anche di scaricare i contenuti per la visione offline. Ci\u00f2 che distingue Prime Video \u00e8 la possibilit\u00e0 di noleggiare o acquistare film appena usciti che non sono ancora disponibili con l'abbonamento standard.<\/p>\n<h4>Come scaricare e installare<\/h4>\n<p>Il processo di download e installazione di Amazon Prime Video \u00e8 simile a quello di Netflix. Andate nel negozio di applicazioni del vostro cellulare, cercate \"Amazon Prime Video\" e seguite i passaggi per scaricarlo e installarlo. Dopo aver aperto l'applicazione, \u00e8 necessario effettuare il login con il proprio account Amazon per accedere ai contenuti disponibili.<\/p>\n<h4>Vantaggi di Amazon Prime Video<\/h4>\n<p>Oltre a offrire un ottimo rapporto qualit\u00e0-prezzo, Amazon Prime Video si distingue per i suoi contenuti esclusivi, come le serie \"The Boys\", \"Fleabag\" e \"The Marvelous Mrs Maisel\". La qualit\u00e0 dello streaming \u00e8 eccellente, con supporto per risoluzioni fino a 4K, e l'app consente anche di creare profili individuali per i diversi membri della famiglia.<\/p>\n<h3>3. Disney+: il Regno Disney in tasca<\/h3>\n<p>Per i fan delle produzioni Disney, Disney+ \u00e8 l'app perfetta. Lanciato nel 2019, Disney+ \u00e8 diventato rapidamente uno dei servizi di streaming pi\u00f9 popolari, soprattutto per le famiglie e i fan di franchise iconici come Marvel, Star Wars, Pixar e, naturalmente, i classici Disney.<\/p>\n<h4>Caratteristiche principali<\/h4>\n<p>Disney+ offre un'interfaccia pulita e organizzata, divisa per marchio, che consente di navigare facilmente tra i contenuti di Marvel, Star Wars, Pixar, National Geographic e altri. L'applicazione consente inoltre di scaricare i contenuti per la visione offline e supporta fino a sette profili diversi per account, il che \u00e8 ideale per le famiglie.<\/p>\n<h4>Come scaricare e installare<\/h4>\n<p>Per scaricare Disney+, accedere al negozio di applicazioni del proprio cellulare, cercare \"Disney+\" e seguire i passaggi per scaricarlo e installarlo. Dopo aver aperto l'applicazione, accedi con il tuo account Disney o, se necessario, creane uno nuovo. A questo punto siete pronti a esplorare il vasto catalogo del servizio.<\/p>\n<h4>Vantaggi di Disney+<\/h4>\n<p>Oltre a un catalogo vasto e diversificato, Disney+ offre contenuti di alta qualit\u00e0, tra cui il supporto per il 4K e l'HDR sui dispositivi compatibili. L'app \u00e8 nota anche per la sua stabilit\u00e0 e l'esperienza d'uso fluida. Un altro punto a favore \u00e8 l'assenza di pubblicit\u00e0, che garantisce un'esperienza di visione ininterrotta.<\/p>\n<h3>4. HBO Max: intrattenimento premium a portata di mano<\/h3>\n<p>HBO Max \u00e8 l'applicazione ideale per chi \u00e8 alla ricerca di contenuti premium, tra cui blockbuster cinematografici, serie acclamate e documentari di grande impatto. Come parte del gruppo WarnerMedia, HBO Max offre l'accesso ai contenuti esclusivi di HBO, oltre a una vasta collezione di titoli classici e contemporanei.<\/p>\n<h4>Caratteristiche principali<\/h4>\n<p>HBO Max si distingue per i suoi contenuti curati, con una robusta selezione di film e serie che vanno dalle produzioni classiche alle uscite pi\u00f9 recenti. L'interfaccia dell'applicazione \u00e8 moderna e facile da usare, con varie opzioni di personalizzazione. L'applicazione consente inoltre di scaricare i contenuti da guardare offline e supporta pi\u00f9 profili.<\/p>\n<h4>Come scaricare e installare<\/h4>\n<p>Scaricare e installare HBO Max \u00e8 semplice. Andate nel negozio di applicazioni del vostro dispositivo, cercate \"HBO Max\" e seguite le istruzioni per scaricarlo e installarlo. Dopo aver aperto l'applicazione, accedi con il tuo account HBO o creane uno nuovo per iniziare a guardare.<\/p>\n<h4>Vantaggi di HBO Max<\/h4>\n<p>HBO Max \u00e8 particolarmente interessante per gli appassionati di serie di alta qualit\u00e0 come \"Game of Thrones\", \"Succession\" ed \"Euphoria\". Inoltre, l'app supporta lo streaming in HD e 4K, garantendo un'esperienza visiva di prim'ordine. Anche i contenuti per i bambini sono molto ricchi, con un'ampia variet\u00e0 di animazioni e serie per famiglie.<\/p>\n<h3>5. Globoplay: Il meglio dei contenuti nazionali e internazionali<\/h3>\n<p>Per chi cerca una combinazione di contenuti nazionali e internazionali, Globoplay \u00e8 una scelta eccellente. Essendo il pi\u00f9 grande servizio di streaming brasiliano, Globoplay offre un'ampia gamma di soap opera, serie, film e programmi televisivi, oltre a contenuti esclusivi.<\/p>\n<h4>Caratteristiche principali<\/h4>\n<p>Globoplay si distingue per la sua vasta libreria di telenovele e serie brasiliane, oltre che per i contenuti internazionali in licenza. L'applicazione offre anche trasmissioni in diretta da TV Globo, consentendo agli utenti di guardare il programma in diretta dal proprio cellulare. Come le altre app, Globoplay consente di scaricare i contenuti per la visione offline.<\/p>\n<h4>Come scaricare e installare<\/h4>\n<p>Per scaricare Globoplay, accedere al Google Play Store o all'App Store e cercare \"Globoplay\". Una volta scaricata e installata, aprite l'app, effettuate il login con il vostro account Globo e iniziate a esplorare i contenuti disponibili.<\/p>\n<h4>Vantaggi di Globoplay<\/h4>\n<p>Globoplay \u00e8 la scelta ideale per chi vuole tenersi aggiornato sulle produzioni nazionali. Inoltre, il servizio offre un'ampia gamma di serie e film internazionali di diversi generi. Il supporto per pi\u00f9 dispositivi e profili rende l'esperienza ancora pi\u00f9 personalizzata e conveniente.<\/p>\n<h3>6. Apple TV+: qualit\u00e0 cinematografica sul cellulare<\/h3>\n<p>Apple TV+ \u00e8 il servizio di streaming di Apple, incentrato su contenuti originali di alta qualit\u00e0. Fin dal suo lancio, Apple TV+ si \u00e8 distinto per produzioni che spesso sfidano gli standard qualitativi di Hollywood.<\/p>\n<h4>Caratteristiche principali<\/h4>\n<p>Apple TV+ offre un'interfaccia minimalista e facile da navigare, caratteristica dei prodotti Apple. L'applicazione \u00e8 integrata con altri servizi di streaming e consente di acquistare o noleggiare film e serie non disponibili su abbonamento. \u00c8 possibile scaricare i contenuti per la visione offline e creare diversi profili.<\/p>\n<h4>Come scaricare e installare<\/h4>\n<p>Per scaricare Apple TV+, gli utenti iPhone avranno gi\u00e0 l'applicazione preinstallata sui loro dispositivi. Per gli utenti Android, la procedura \u00e8 simile a quella delle altre app: basta cercare \"Apple TV+\" nell'app shop, scaricarla e installarla. Dopo aver aperto l'applicazione, \u00e8 necessario effettuare il login con il proprio ID Apple per accedere ai contenuti.<\/p>\n<h4>Vantaggi di Apple TV+<\/h4>\n<p>Il punto di forza di Apple TV+ \u00e8 la qualit\u00e0 delle sue produzioni, con serie e film che spesso ottengono premi e riconoscimenti dalla critica. Inoltre, Apple TV+ offre il supporto per il 4K e il Dolby Vision, garantendo un'esperienza di visione coinvolgente. Un altro punto a favore \u00e8 la possibilit\u00e0 di condividere l'abbonamento con un massimo di cinque membri della famiglia.<\/p>\n<h3>7. Star+: il meglio dello sport e dell'intrattenimento<\/h3>\n<p>Infine, Star+ \u00e8 un'app di streaming che combina il meglio dell'intrattenimento e dello sport dal vivo. Facendo parte del gruppo Disney, Star+ \u00e8 un'ottima scelta per chi cerca un catalogo vario, che va dalle serie di successo alle trasmissioni sportive.<\/p>\n<h4>Caratteristiche principali<\/h4>\n<p>Star+ si distingue per l'offerta di sport in diretta, tra cui partite di calcio, tennis e altri eventi sportivi, oltre a una vasta libreria di film e serie. L'applicazione consente inoltre di scaricare i contenuti per la visione offline e offre profili personalizzati per ogni membro della famiglia.<\/p>\n<h4>Come scaricare e installare<\/h4>\n<p>Scaricare e installare Star+ \u00e8 semplice: basta andare nel negozio di applicazioni del proprio dispositivo, cercare \"Star+\" e seguire le istruzioni per il download e l'installazione. Una volta aperta l'applicazione, sar\u00e0 necessario effettuare il login con il proprio account Disney per accedere ai contenuti.<\/p>\n<h4>Vantaggi di Star+<\/h4>\n<p>Oltre ai contenuti sportivi, Star+ offre una vasta collezione di serie di successo, come \"I Simpson\", \"This Is Us\" e \"Grey's Anatomy\". Un altro vantaggio \u00e8 l'integrazione con Disney+, che consente di combinare gli abbonamenti e di accedere a una libreria di contenuti ancora pi\u00f9 ampia.<\/p>\n<h3>Conclusione<\/h3>\n<p>Guardare film e serie sul cellulare non \u00e8 mai stato cos\u00ec facile, grazie all'ampia variet\u00e0 di applicazioni disponibili sul mercato. Dai giganti dello streaming come Netflix e Amazon Prime Video a servizi pi\u00f9 specifici come Globoplay e Star+, c'\u00e8 un'opzione per ogni gusto ed esigenza. Tutte queste app offrono funzionalit\u00e0 che rendono l'esperienza di visione sul cellulare confortevole e piacevole, con opzioni da scaricare e installare facilmente. Scegliete l'app pi\u00f9 adatta al vostro stile di vita e godetevi il meglio dell'intrattenimento ovunque vi troviate.<\/p>\n<p>Che vogliate ammazzare il tempo o fare una maratona delle vostre serie preferite, avere una buona app di streaming installata sul vostro cellulare \u00e8 essenziale. Non perdete tempo, scaricate e installate oggi stesso le vostre preferite e godetevi il meglio del mondo del cinema e della TV direttamente sul vostro cellulare.<\/p>\n<p>\t\t\t<a href=\"https:\/\/descomplicalife.com\/it\/come-guardare-film-e-serie-sul-tuo-cellulare\/\"><br \/>\n\t\t\t\t\t\t\t\t\tCOME SCARICARE L'APPLICAZIONE<br \/>\n\t\t\t\t\t<\/a><\/p>\n<h2>Rimarrete su questo sito<\/h2>","protected":false},"excerpt":{"rendered":"<p>Aplicativo para Assistir Gr\u00e1tis Publicidade Criamos um manual para auxili\u00e1-lo na busca de um aplicativo para assistir filmes e s\u00e9ries no seu celular. Desfrute de seus filmes ou s\u00e9ries preferidos diretamente do seu aparelho m\u00f3vel. Os melhores aplicativos de streaming de filmes e s\u00e9ries. VOC\u00ca QUER ASSISTIR NO CELULAR ? SIM N\u00c3O Voc\u00ea permanecer\u00e1 neste [&hellip;]<\/p>","protected":false},"author":1,"featured_media":0,"parent":0,"menu_order":0,"comment_status":"closed","ping_status":"closed","template":"elementor_header_footer","meta":{"ocean_post_layout":"","ocean_both_sidebars_style":"","ocean_both_sidebars_content_width":0,"ocean_both_sidebars_sidebars_width":0,"ocean_sidebar":"","ocean_second_sidebar":"","ocean_disable_margins":"enable","ocean_add_body_class":"","ocean_shortcode_before_top_bar":"","ocean_shortcode_after_top_bar":"","ocean_shortcode_before_header":"","ocean_shortcode_after_header":"","ocean_has_shortcode":"","ocean_shortcode_after_title":"","ocean_shortcode_before_footer_widgets":"","ocean_shortcode_after_footer_widgets":"","ocean_shortcode_before_footer_bottom":"","ocean_shortcode_after_footer_bottom":"","ocean_display_top_bar":"default","ocean_display_header":"default","ocean_header_style":"","ocean_center_header_left_menu":"","ocean_custom_header_template":"","ocean_custom_logo":0,"ocean_custom_retina_logo":0,"ocean_custom_logo_max_width":0,"ocean_custom_logo_tablet_max_width":0,"ocean_custom_logo_mobile_max_width":0,"ocean_custom_logo_max_height":0,"ocean_custom_logo_tablet_max_height":0,"ocean_custom_logo_mobile_max_height":0,"ocean_header_custom_menu":"","ocean_menu_typo_font_family":"","ocean_menu_typo_font_subset":"","ocean_menu_typo_font_size":0,"ocean_menu_typo_font_size_tablet":0,"ocean_menu_typo_font_size_mobile":0,"ocean_menu_typo_font_size_unit":"px","ocean_menu_typo_font_weight":"","ocean_menu_typo_font_weight_tablet":"","ocean_menu_typo_font_weight_mobile":"","ocean_menu_typo_transform":"","ocean_menu_typo_transform_tablet":"","ocean_menu_typo_transform_mobile":"","ocean_menu_typo_line_height":0,"ocean_menu_typo_line_height_tablet":0,"ocean_menu_typo_line_height_mobile":0,"ocean_menu_typo_line_height_unit":"","ocean_menu_typo_spacing":0,"ocean_menu_typo_spacing_tablet":0,"ocean_menu_typo_spacing_mobile":0,"ocean_menu_typo_spacing_unit":"","ocean_menu_link_color":"","ocean_menu_link_color_hover":"","ocean_menu_link_color_active":"","ocean_menu_link_background":"","ocean_menu_link_hover_background":"","ocean_menu_link_active_background":"","ocean_menu_social_links_bg":"","ocean_menu_social_hover_links_bg":"","ocean_menu_social_links_color":"","ocean_menu_social_hover_links_color":"","ocean_disable_title":"default","ocean_disable_heading":"default","ocean_post_title":"","ocean_post_subheading":"","ocean_post_title_style":"","ocean_post_title_background_color":"","ocean_post_title_background":0,"ocean_post_title_bg_image_position":"","ocean_post_title_bg_image_attachment":"","ocean_post_title_bg_image_repeat":"","ocean_post_title_bg_image_size":"","ocean_post_title_height":0,"ocean_post_title_bg_overlay":0.5,"ocean_post_title_bg_overlay_color":"","ocean_disable_breadcrumbs":"default","ocean_breadcrumbs_color":"","ocean_breadcrumbs_separator_color":"","ocean_breadcrumbs_links_color":"","ocean_breadcrumbs_links_hover_color":"","ocean_display_footer_widgets":"default","ocean_display_footer_bottom":"default","ocean_custom_footer_template":"","footnotes":""},"class_list":["post-1140","page","type-page","status-publish","hentry","entry"],"_links":{"self":[{"href":"https:\/\/descomplicalife.com\/it\/wp-json\/wp\/v2\/pages\/1140","targetHints":{"allow":["GET"]}}],"collection":[{"href":"https:\/\/descomplicalife.com\/it\/wp-json\/wp\/v2\/pages"}],"about":[{"href":"https:\/\/descomplicalife.com\/it\/wp-json\/wp\/v2\/types\/page"}],"author":[{"embeddable":true,"href":"https:\/\/descomplicalife.com\/it\/wp-json\/wp\/v2\/users\/1"}],"replies":[{"embeddable":true,"href":"https:\/\/descomplicalife.com\/it\/wp-json\/wp\/v2\/comments?post=1140"}],"version-history":[{"count":0,"href":"https:\/\/descomplicalife.com\/it\/wp-json\/wp\/v2\/pages\/1140\/revisions"}],"wp:attachment":[{"href":"https:\/\/descomplicalife.com\/it\/wp-json\/wp\/v2\/media?parent=1140"}],"curies":[{"name":"wp","href":"https:\/\/api.w.org\/{rel}","templated":true}]}}